{"id":96,"date":"2024-05-06T07:09:42","date_gmt":"2024-05-06T07:09:42","guid":{"rendered":"https:\/\/afsemarang.org\/?page_id=96"},"modified":"2024-05-14T08:41:30","modified_gmt":"2024-05-14T08:41:30","slug":"menjadi-anggota","status":"publish","type":"page","link":"https:\/\/afsemarang.org\/fr\/menjadi-anggota\/","title":{"rendered":"Devenir membre"},"content":{"rendered":"<h4 class=\"wp-block-heading\"><strong>Comment devenir un membre de la biblioth\u00e8que d'Alliance Fran\u00e7aise de Semarang ?<\/strong><\/h4>\n\n\n\n<hr class=\"wp-block-separator has-text-color has-contrast-2-color has-alpha-channel-opacity has-contrast-2-background-color has-background is-style-wide\"\/>\n\n\n\n<p>Voici les \u00e9tapes \u00e0 suivre :<\/p>\n\n\n\n<ul>\n<li class=\"has-small-font-size\">Remplissez la forme d'inscription \u00e0 travers de ce lien : <a href=\"https:\/\/forms.gle\/sA7MLeWDvimchyad9\"><strong>lien d'inscription<\/strong>.<\/a><\/li>\n\n\n\n<li class=\"has-small-font-size\">Pr\u00e9parez votre image dans une ambiance semi-formelle.<\/li>\n\n\n\n<li class=\"has-small-font-size\">Confirmez votre inscription et envoyez l'image \u00e0 notre <a href=\"http:\/\/wa.me\/+6285641308944\">Whatsapp.<\/a><\/li>\n\n\n\n<li class=\"has-small-font-size\">La biblioth\u00e9caire vous indiquera comment payer le frais d'inscription.<\/li>\n\n\n\n<li class=\"has-small-font-size\">Apr\u00e8s l'administration termin\u00e9e, vous recevrez une carte de membre \u00e9lectronique que vous devrez pr\u00e9senter pour emprunter et rendre des livres. Vous pouvez imprimer votre propre carte \u00e9lectronique ou la sauvegarder sous forme num\u00e9rique.<\/li>\n<\/ul>\n\n\n\n<h4 class=\"wp-block-heading\"><strong>Quel est le frais pour devenir le membre ?<\/strong><\/h4>\n\n\n\n<hr class=\"wp-block-separator has-text-color has-contrast-2-color has-alpha-channel-opacity has-contrast-2-background-color has-background is-style-wide\"\/>\n\n\n\n<p>Les \u00e9tudiants de l'Alliance Fran\u00e7aise de Semarang sont automatiquement des membres de la biblioth\u00e8que et ont le droit de l'acc\u00e8der \u00e0 plus de 1 200 collections litt\u00e9raires.<\/p>\n\n\n\n<p>Pour les non-\u00e9l\u00e8ves du cours, vous ne paierez que <strong>50 000 IDR <\/strong>pour les \u00e9tudiants, <strong>100 000 IDR<\/strong> pour le grand public afin de devenir membre de la m\u00e9diath\u00e8que qui est valable pendant un an. Vous pouvez prolonger la dur\u00e9e de validit\u00e9 en payant le m\u00eame montant lors de l\u2019inscription.<\/p>","protected":false},"excerpt":{"rendered":"<p>Bagaimana cara menjadi anggota perpustakaan mediatek AF Semarang? Berikut langkah-langkah yang diperlukan untuk menjadi anggota perpustakaan AF Semarang: Berapa biaya menjadi anggota perpustakaan? Siswa kursus AF Semarang secara otomatis menjadi anggota perpustakaan mediatek AF Semarang dan berhak mendapat akses pada lebih dari 1.200 buku. Bagi non-siswa kursus, Anda hanya akan dikenakan Rp 50.000 untuk pelajar [&hellip;]<\/p>","protected":false},"author":1,"featured_media":0,"parent":0,"menu_order":0,"comment_status":"closed","ping_status":"closed","template":"","meta":{"footnotes":""},"_links":{"self":[{"href":"https:\/\/afsemarang.org\/fr\/wp-json\/wp\/v2\/pages\/96"}],"collection":[{"href":"https:\/\/afsemarang.org\/fr\/wp-json\/wp\/v2\/pages"}],"about":[{"href":"https:\/\/afsemarang.org\/fr\/wp-json\/wp\/v2\/types\/page"}],"author":[{"embeddable":true,"href":"https:\/\/afsemarang.org\/fr\/wp-json\/wp\/v2\/users\/1"}],"replies":[{"embeddable":true,"href":"https:\/\/afsemarang.org\/fr\/wp-json\/wp\/v2\/comments?post=96"}],"version-history":[{"count":5,"href":"https:\/\/afsemarang.org\/fr\/wp-json\/wp\/v2\/pages\/96\/revisions"}],"predecessor-version":[{"id":399,"href":"https:\/\/afsemarang.org\/fr\/wp-json\/wp\/v2\/pages\/96\/revisions\/399"}],"wp:attachment":[{"href":"https:\/\/afsemarang.org\/fr\/wp-json\/wp\/v2\/media?parent=96"}],"curies":[{"name":"wp","href":"https:\/\/api.w.org\/{rel}","templated":true}]}}