{"id":90,"date":"2024-05-06T05:24:01","date_gmt":"2024-05-06T05:24:01","guid":{"rendered":"https:\/\/afsemarang.org\/?page_id=90"},"modified":"2024-05-10T09:58:35","modified_gmt":"2024-05-10T09:58:35","slug":"perpustakaan-mediatek","status":"publish","type":"page","link":"https:\/\/afsemarang.org\/fr\/perpustakaan-mediatek\/","title":{"rendered":"Mediath\u00e8que"},"content":{"rendered":"<h4 class=\"wp-block-heading\"><strong>Qu\u2019est-ce que les m\u00e9diath\u00e8ques ?<\/strong><\/h4>\n\n\n\n<hr class=\"wp-block-separator has-text-color has-contrast-3-color has-alpha-channel-opacity has-contrast-3-background-color has-background is-style-wide\"\/>\n\n\n\n<p>Les m\u00e9diath\u00e8ques sont une biblioth\u00e8que poss\u00e9dant la plus grande collection de livres fran\u00e7ais \u00e0 Java central, soit plus de 1 200 livres. Il existe diff\u00e9rents genres de livres; des livres pour enfants sous forme de bandes dessin\u00e9es et de contes de f\u00e9es, des romans pour adolescents, des pieces de th\u00e9\u00e2tre, des romans d'\u00e9crivains fran\u00e7ais et internationaux.<\/p>\n\n\n\n<p>Les m\u00e9diath\u00e8ques de l'Alliance Fran\u00e7aise de Semarang sont ouvertes non seulement aux \u00e9l\u00e8ves de cours, mais \u00e9galement au public. Cependant, pour emprunter des livres, vous devez d'abord vous inscrire en tant que membre des m\u00e9diath\u00e8ques, <a href=\"https:\/\/afsemarang.org\/fr\/menjadi-anggota\/\">savoir en plus<\/a>.<\/p>\n\n\n\n<p><\/p>\n\n\n\n<h4 class=\"wp-block-heading\"><strong>Quelle est la diff\u00e9rence entre les m\u00e9diath\u00e8ques et les cultureth\u00e8ques ?<\/strong><\/h4>\n\n\n\n<hr class=\"wp-block-separator has-text-color has-contrast-3-color has-alpha-channel-opacity has-contrast-3-background-color has-background is-style-wide\"\/>\n\n\n\n<p>La diff\u00e9rence r\u00e9side uniquement dans l'acc\u00e8s aux collections de la biblioth\u00e8que. Si les cultureth\u00e8ques permettent d'acc\u00e9der aux livres et audio-vid\u00e9o en ligne, les m\u00e9diath\u00e8ques ne sont accessibles qu'en se pr\u00e9sentant au bureau de l\u2019Alliance Fran\u00e7aise de Semarang.<\/p>\n\n\n\n<p><\/p>\n\n\n\n<h4 class=\"wp-block-heading\"><strong><strong>R\u00e8gles d'emprunt des livres :<\/strong><\/strong><\/h4>\n\n\n\n<hr class=\"wp-block-separator has-text-color has-contrast-3-color has-alpha-channel-opacity has-contrast-3-background-color has-background is-style-wide\"\/>\n\n\n\n<p>L'acc\u00e8s \u00e0 la collection de livres des m\u00e9diath\u00e8ques de l\u2019Alliance Fran\u00e7aise de Semarang est limit\u00e9 aux membres et aux \u00e9l\u00e8ves du cours. En vous y inscrivant \u00e0 un cours, vous deviendrez automatiquement membre des m\u00e9diath\u00e8ques.<\/p>\n\n\n\n<p>Voici les r\u00e8glements du pr\u00eat de livres :<\/p>\n\n\n\n<ul class=\"has-small-font-size\">\n<li>Les membres des m\u00e9diath\u00e8ques peuvent emprunter de 1 \u00e0 3 livres \u00e0 la fois.<\/li>\n\n\n\n<li>La dur\u00e9e d'emprunt des livres est de 2 semaines.<\/li>\n\n\n\n<li>L'emprunt de livres peut \u00eatre prolong\u00e9 deux fois, chacun d'une dur\u00e9e d'une semaine. Les prolongations doivent \u00eatre notifi\u00e9es au personnel des m\u00e9diath\u00e8ques ou via le Whattsap au moins un jour avant la date de retour en indiquant nom complet + date d'emprunt du livre + photo du livre emprunt\u00e9.<\/li>\n<\/ul>\n\n\n\n<h4 class=\"wp-block-heading\"><strong><strong>R\u00e8gles de retour des livres :<\/strong><\/strong><\/h4>\n\n\n\n<hr class=\"wp-block-separator has-text-color has-contrast-3-color has-alpha-channel-opacity has-contrast-3-background-color has-background is-style-wide\"\/>\n\n\n\n<p>Les retours de livres sont directs, ce qui signifie que l'emprunteur doit rendre le livre au bureau de l'Alliance Fran\u00e7aise de Semarang (Jl. Dr. Wahidin, n\u00b0 54, Candisari, Semarang) selon les heures de travail.<\/p>\n\n\n\n<p>Les retours tardifs seront passibles d'une amende de 2 500 IDR par jour et par livre.<\/p>\n\n\n\n<p>Pour les objets perdus ou endommag\u00e9s, les membres se verront facturer la moiti\u00e9 du prix de l'article.<\/p>\n\n\n\n<div class=\"wp-block-columns is-layout-flex wp-container-core-columns-is-layout-1 wp-block-columns-is-layout-flex\">\n<div class=\"wp-block-column is-vertically-aligned-center is-layout-flow wp-block-column-is-layout-flow\">\n<h4 class=\"wp-block-heading\"><strong>Informations sur notre bureau et ses heures de travail :<\/strong><\/h4>\n\n\n\n<hr class=\"wp-block-separator has-text-color has-contrast-3-color has-alpha-channel-opacity has-contrast-3-background-color has-background is-style-wide\"\/>\n\n\n\n<p>Venez nous visiter \u00e0 l\u2019Alliance Fran\u00e7aise de Semarang selon les horaires d'ouverture ci-dessous:<\/p>\n\n\n\n<h5 class=\"wp-block-heading\">Du lundi au vendredi, de 09h00 \u00e0 17h00<\/h5>\n\n\n\n<h5 class=\"wp-block-heading\">Samedi, de 09h00 \u00e0 13h00<\/h5>\n\n\n\n<p>Nos m\u00e9diath\u00e8ques se trouvent \u00e0 :<\/p>\n\n\n\n<h5 class=\"wp-block-heading\">Jl. Dr. Wahidin, n\u00b0 54, Candisari, Semarang, 50225<\/h5>\n\n\n\n<p><\/p>\n<\/div>\n\n\n\n<div class=\"wp-block-column has-small-font-size is-layout-flow wp-block-column-is-layout-flow\">\n<iframe src=\"https:\/\/www.google.com\/maps\/embed?pb=!1m14!1m8!1m3!1d15839.740386171492!2d110.4282909!3d-7.0169153!3m2!1i1024!2i768!4f13.1!3m3!1m2!1s0x2e708c7fc8a8f87b%3A0x6d80e3e22d893dac!2sAlliance%20Fran%C3%A7aise%20Semarang!5e0!3m2!1sid!2sid!4v1714972609401!5m2!1sid!2sid\" width=\"600\" height=\"450\" style=\"border:0;\" allowfullscreen=\"\" loading=\"lazy\" referrerpolicy=\"no-referrer-when-downgrade\"><\/iframe>\n<\/div>\n<\/div>","protected":false},"excerpt":{"rendered":"<p>Apa itu perpustakaan mediatek? Perpustakaan mediatek AF Semarang adalah perpustakaan dengan koleksi buku berbahasa Prancis terbesar di Jawa Tengah yaitu lebih dari 1.200 buku. Terdapat berbagai genre dari buku anak-anak berupa komik dan cerita dongeng, roman-roman remaja, naskah teater hingga novel-novel Prancis dan penulis internasional. Perpustakaan mediatek AF Semarang terbuka untuk dikunjungi oleh umum, tidak [&hellip;]<\/p>","protected":false},"author":1,"featured_media":0,"parent":0,"menu_order":0,"comment_status":"closed","ping_status":"closed","template":"","meta":{"footnotes":""},"_links":{"self":[{"href":"https:\/\/afsemarang.org\/fr\/wp-json\/wp\/v2\/pages\/90"}],"collection":[{"href":"https:\/\/afsemarang.org\/fr\/wp-json\/wp\/v2\/pages"}],"about":[{"href":"https:\/\/afsemarang.org\/fr\/wp-json\/wp\/v2\/types\/page"}],"author":[{"embeddable":true,"href":"https:\/\/afsemarang.org\/fr\/wp-json\/wp\/v2\/users\/1"}],"replies":[{"embeddable":true,"href":"https:\/\/afsemarang.org\/fr\/wp-json\/wp\/v2\/comments?post=90"}],"version-history":[{"count":4,"href":"https:\/\/afsemarang.org\/fr\/wp-json\/wp\/v2\/pages\/90\/revisions"}],"predecessor-version":[{"id":378,"href":"https:\/\/afsemarang.org\/fr\/wp-json\/wp\/v2\/pages\/90\/revisions\/378"}],"wp:attachment":[{"href":"https:\/\/afsemarang.org\/fr\/wp-json\/wp\/v2\/media?parent=90"}],"curies":[{"name":"wp","href":"https:\/\/api.w.org\/{rel}","templated":true}]}}