{"id":80,"date":"2024-05-06T03:16:52","date_gmt":"2024-05-06T03:16:52","guid":{"rendered":"https:\/\/afsemarang.org\/?page_id=80"},"modified":"2024-05-14T08:22:24","modified_gmt":"2024-05-14T08:22:24","slug":"sertifikasi","status":"publish","type":"page","link":"https:\/\/afsemarang.org\/fr\/sertifikasi\/","title":{"rendered":"Certification"},"content":{"rendered":"<h3 class=\"wp-block-heading\">DELF<\/h3>\n\n\n\n<p>Comme preuve de la validit\u00e9 des comp\u00e9tences en langue fran\u00e7aise, le Minist\u00e8re fran\u00e7ais de l'\u00c9ducation nationale d\u00e9livre un dipl\u00f4me officiel, \u00e0 savoir le DELF <em>(Dipl\u00f4me d\u2019\u00e9tudes en langue fran\u00e7aise) <\/em>et DALF <em>(Dipl\u00f4me approfondi de langue fran\u00e7aise)<\/em>. Ce certificat est reconnu internationalement et est valable \u00e0 vie ou sans limite de dur\u00e9e. Techniquement, il existe 4 niveaux pour le DELF et 2 niveaux pour le DALF, \u00e0 partir de A1, A2, B1 et B2 (le DELF), et C1 et C2 (le DALF).<\/p>\n\n\n\n<p>Ces examens ne sont pas s\u00e9quentiels, ce qui signifie que les participants peuvent donc choisir l'\u00e9preuve du DELF ou du DALF en conscience de leurs propres comp\u00e9tences, par exemple : les candidats peuvent passer directement le DELF A2 sans avoir besoin de passer tout d\u2019abord par le DELF A1.<\/p>\n\n\n\n<p>La certification du DELF peut \u00eatre effectu\u00e9e dans l'une de toutes les succursales de l'IFI <em>(Institut Fran\u00e7ais d\u2019Indon\u00e9sie)<\/em> et l'AF <em>(Alliance Fran\u00e7aise)<\/em> en Indon\u00e9sie, notamment l'IFI Jakarta, Bandung, Surabaya et Yogyakarta ainsi que l'AF Semarang, Bali, Medan et Makassar. L'examen DELF a lieu trois fois par an, soit en mars, juin et novembre.<\/p>\n\n\n\n<p>L'Alliance Fran\u00e7aise Semarang, en tant que seul centre d'examen du DELF \u00e0 Java Central, propose r\u00e9guli\u00e8rement des examens du DELF pour les niveaux de A1, A2, B1 et B2. Chaque dipl\u00f4me comprend quatre bilans de comp\u00e9tences :<\/p>\n\n\n\n<ol>\n<li class=\"has-small-font-size\">Pemahaman lisan \/ mendengarkan<em> <\/em>(comprehension orale)<\/li>\n\n\n\n<li class=\"has-small-font-size translation-block\">La comprehension \u00e9crite<\/li>\n\n\n\n<li class=\"has-small-font-size\">Produksi tertulis \/ menulis<em> <\/em>(production \u00e9crite)<\/li>\n\n\n\n<li class=\"has-small-font-size\">La production orale<\/li>\n<\/ol>\n\n\n\n<p><strong>Calendrier des examens du DELF\/DALF :<\/strong><\/p>\n\n\n\n<figure class=\"wp-block-table has-small-font-size\"><table><tbody><tr><td><strong>S\u00e9ssion 2024<\/strong><\/td><td><strong>Date d'inscription<\/strong><\/td><td><strong>Date de l'examen<\/strong><\/td><td><strong>Annonce des r\u00e9sultats des examens<\/strong><\/td><\/tr><tr><td>Mars&nbsp;<\/td><td>22 janvier - 11 f\u00e9vrier 2024<\/td><td>04 - 09 mars 2024<\/td><td>08 avril 2024<\/td><\/tr><tr><td>Juin<\/td><td>20 - 31 mai 2024<\/td><td>24 - 29 juin 2024<\/td><td>29 juillet 2024<\/td><\/tr><tr><td>Novembre<\/td><td>30 septembre - 11 octobre 2024<\/td><td>04 - 14 novembre 2024<\/td><td>16 d\u00e9cembre 2024<\/td><\/tr><\/tbody><\/table><\/figure>\n\n\n\n<h4 class=\"wp-block-heading has-text-align-center has-text-color has-link-color wp-elements-c77e91c2d09f8ee15b6683d9e59caa5c\" style=\"color:#ea0101\"><a href=\"https:\/\/linktr.ee\/DaftarDELF\">S'INSCRIRE<\/a><\/h4>","protected":false},"excerpt":{"rendered":"<p>DELF Sebagai bukti pengesahan kemampuan bahasa Prancis seseorang, Kementerian Pendidikan Nasional Prancis mengeluarkan suatu diploma resmi yaitu DELF (Dipl\u00f4me d\u2019\u00e9tudes en langue fran\u00e7aise) dan DALF (Dipl\u00f4me approfondi de langue fran\u00e7aise). Sertifikat ini diakui dalam taraf internasional dan berlaku selamanya atau tidak ada batas waktu berlaku. Secara teknis, terdapat 6 tingkat ujian berdasarkan kemampuan, mulai dari [&hellip;]<\/p>","protected":false},"author":1,"featured_media":0,"parent":0,"menu_order":0,"comment_status":"closed","ping_status":"closed","template":"","meta":{"footnotes":""},"_links":{"self":[{"href":"https:\/\/afsemarang.org\/fr\/wp-json\/wp\/v2\/pages\/80"}],"collection":[{"href":"https:\/\/afsemarang.org\/fr\/wp-json\/wp\/v2\/pages"}],"about":[{"href":"https:\/\/afsemarang.org\/fr\/wp-json\/wp\/v2\/types\/page"}],"author":[{"embeddable":true,"href":"https:\/\/afsemarang.org\/fr\/wp-json\/wp\/v2\/users\/1"}],"replies":[{"embeddable":true,"href":"https:\/\/afsemarang.org\/fr\/wp-json\/wp\/v2\/comments?post=80"}],"version-history":[{"count":4,"href":"https:\/\/afsemarang.org\/fr\/wp-json\/wp\/v2\/pages\/80\/revisions"}],"predecessor-version":[{"id":520,"href":"https:\/\/afsemarang.org\/fr\/wp-json\/wp\/v2\/pages\/80\/revisions\/520"}],"wp:attachment":[{"href":"https:\/\/afsemarang.org\/fr\/wp-json\/wp\/v2\/media?parent=80"}],"curies":[{"name":"wp","href":"https:\/\/api.w.org\/{rel}","templated":true}]}}