{"id":76,"date":"2024-05-06T03:05:56","date_gmt":"2024-05-06T03:05:56","guid":{"rendered":"https:\/\/afsemarang.org\/?page_id=76"},"modified":"2024-05-06T03:05:56","modified_gmt":"2024-05-06T03:05:56","slug":"faq","status":"publish","type":"page","link":"https:\/\/afsemarang.org\/fr\/faq\/","title":{"rendered":"Foire aux questions"},"content":{"rendered":"<details class=\"wp-block-details is-style-default has-small-font-size is-layout-flow wp-block-details-is-layout-flow\"><summary><strong>Qu\u2019est-ce que l\u2019Alliance Fran\u00e7aise de Semarang ?<\/strong> <\/summary>\n<p>L'Alliance Fran\u00e7aise de Semarang est l'une des branches du vaste r\u00e9seau des Alliances Fran\u00e7aises (AF) \u00e0 travers le monde. Elle s'efforce d'offrir un espace aux Indon\u00e9siens de tous horizons qui souhaitent explorer davantage la langue et la culture fran\u00e7aises.<\/p>\n<\/details>\n\n\n\n<details class=\"wp-block-details is-style-default has-small-font-size is-layout-flow wp-block-details-is-layout-flow\"><summary><strong><strong>Je suis d\u00e9butant et je n'ai jamais \u00e9tudi\u00e9 le fran\u00e7ais, puis-je m'inscrire \u00e0 un cours \u00e0 l'Alliance Fran\u00e7aise de Semarang ?<\/strong><\/strong><\/summary>\n<p>Certainement! Les cours de fran\u00e7ais disponibles dans notre \u00e9tablissement sont ouverts \u00e0 toute personne d\u00e9sireuse d'apprendre la langue et la culture fran\u00e7aises.<\/p>\n<\/details>\n\n\n\n<details class=\"wp-block-details is-style-default has-small-font-size is-layout-flow wp-block-details-is-layout-flow\"><summary><strong><strong><strong>Je suis un \u00e9l\u00e8ve introverti, mais je souhaite vraiment am\u00e9liorer mes comp\u00e9tences en fran\u00e7ais. Quelle est la solution ?<\/strong><\/strong><\/strong><\/summary>\n<p>Ne vous inqui\u00e9tez pas, car nous proposons des cours de fran\u00e7ais priv\u00e9s.<\/p>\n<\/details>\n\n\n\n<details class=\"wp-block-details is-style-default has-small-font-size is-layout-flow wp-block-details-is-layout-flow\"><summary><strong><strong><strong>J'aime \u00e9tudier en groupe, existe-t-il des cours pour le type d'\u00e9l\u00e8ve comme moi ?<\/strong><\/strong><\/strong><\/summary>\n<p>Oui, il y\u2019en a. Il existe une option de cours non priv\u00e9s, ce qui signifie que plusieurs \u00e9l\u00e8ves peuvent \u00eatre affect\u00e9s au m\u00eame jour et \u00e0 la m\u00eame heure, comme dans une classe scolaire typique.<\/p>\n<\/details>\n\n\n\n<details class=\"wp-block-details is-style-default has-small-font-size is-layout-flow wp-block-details-is-layout-flow\"><summary><strong><strong><strong>Je ne suis pas de Semarang\/Je n'habite pas \u00e0 Semarang, puis-je m'inscrire \u00e0 un cours de fran\u00e7ais \u00e0 l'Alliance Fran\u00e7aise de Semarang ?<\/strong><\/strong><\/strong><\/summary>\n<p>\u00c0 l'Alliance Fran\u00e7aise de Semarang, il est fort possible de suivre des cours \u00e0 distance (en ligne), alors qui que vous soyez et o\u00f9 que vous habitiez, vous pouvez vous y inscrire et y devenir \u00e9l\u00e8ve.<\/p>\n<\/details>\n\n\n\n<details class=\"wp-block-details is-style-default has-small-font-size is-layout-flow wp-block-details-is-layout-flow\"><summary><strong><strong><strong>Comment s'inscrire ?<\/strong><\/strong><\/strong><\/summary>\n<p>L'inscription aux cours de l'Alliance Fran\u00e7aise de Semarang peut se faire de deux mani\u00e8res. Premi\u00e8rement, vous pouvez vous pr\u00e9senter au bureau de l'Alliance Fran\u00e7aise de Semarang et vous inscrire directement, pendant les heures de travail, du lundi au vendredi de 09h00 \u00e0 17h00 WIB, et le samedi de 09h00 \u00e0 13h00. Et deuxi\u00e8mement, l'inscription qui se fait par accord via les r\u00e9seaux sociaux et\/ou notre contact de WA au 085641308944.<\/p>\n<\/details>\n\n\n\n<details class=\"wp-block-details is-style-default has-small-font-size is-layout-flow wp-block-details-is-layout-flow\"><summary><strong><strong><strong>Quel est le frais d'inscription ?<\/strong><\/strong><\/strong><\/summary>\n<p>Les frais d'inscription \u00e0 un cours \u00e0 l'Alliance Fran\u00e7aise de Semarang pour la premi\u00e8re fois sont de 100 000 IDR. <\/p>\n<\/details>\n\n\n\n<details class=\"wp-block-details is-style-default has-small-font-size is-layout-flow wp-block-details-is-layout-flow\"><summary><strong><strong><strong><strong>Les frais d\u2019inscription comprennent-ils les frais de cours et de livres ?<\/strong><\/strong><\/strong><\/strong><\/summary>\n<p>Non. Les frais d'inscription couvrent uniquement les frais d'administration initiaux. Pour passer au niveau suivant, aucun frais d'inscription suppl\u00e9mentaire ne vous sera factur\u00e9. Les frais de cours et de livre sont pay\u00e9s s\u00e9par\u00e9ment.<\/p>\n<\/details>\n\n\n\n<details class=\"wp-block-details is-style-default has-small-font-size is-layout-flow wp-block-details-is-layout-flow\"><summary><strong><strong><strong><strong>Quand le cours commencera-t-il ?<\/strong><\/strong><\/strong><\/strong><\/summary>\n<p>Le cours commencera lorsque les \u00e9l\u00e8ves auront termin\u00e9 l'ensemble du processus administratif.<\/p>\n<\/details>\n\n\n\n<details class=\"wp-block-details is-style-default has-small-font-size is-layout-flow wp-block-details-is-layout-flow\"><summary><strong><strong><strong><strong>Les professeurs de l'Alliance Fran\u00e7aise de Semarang sont-ils des locuteurs natifs ?<\/strong><\/strong><\/strong><\/strong><\/summary>\n<p>Les cours de fran\u00e7ais chez nous sont dispens\u00e9s par des professeurs indon\u00e9siens qualifi\u00e9s pour enseigner le fran\u00e7ais et poss\u00e9dant au minimum une certification de langue fran\u00e7aise au niveau du DELF B2. De plus, nous faisons souvent appel \u00e0 des stagiaires de langue maternelle fran\u00e7aise pour aider les professeurs pendant les cours.<\/p>\n<\/details>\n\n\n\n<details class=\"wp-block-details is-style-default has-small-font-size is-layout-flow wp-block-details-is-layout-flow\"><summary><strong><strong><strong><strong><strong>De quelles facilit\u00e9s b\u00e9n\u00e9ficiez-vous apr\u00e8s \u00eatre devenu \u00e9l\u00e8ve \u00e0 l'Alliance Fran\u00e7aise de Semarang ?<\/strong><\/strong><\/strong><\/strong><\/strong><\/summary>\n<p>Outre l'\u00e9tude du fran\u00e7ais, les \u00e9l\u00e8ves b\u00e9n\u00e9ficieront d'un acc\u00e8s gratuit \u00e0 la biblioth\u00e8que num\u00e9rique en collaboration avec l'Alliance Fran\u00e7aise Semarang, \u00e0 savoir la cultureth\u00e8que, pendant trois semaines compl\u00e8tes. Ensuite, ils seront prioritaires s'il y a des \u00e9v\u00e9nements culturels organis\u00e9s par l'Alliance Fran\u00e7aise de Semarang ou d'autres activit\u00e9s telles que des pr\u00e9sentations d'\u00e9tudes en France par Campus France.<\/p>\n<\/details>\n\n\n\n<details class=\"wp-block-details is-style-default has-small-font-size is-layout-flow wp-block-details-is-layout-flow\"><summary><strong><strong><strong><strong><strong>Quel programme l'Alliance Fran\u00e7aise de Semarang utilise-t-elle ?<\/strong><\/strong><\/strong><\/strong><\/strong><\/summary>\n<p class=\" translation-block\">Le programme que nous utilisons lors de l'apprentissage du fran\u00e7ais est celui du CECRL (le Cadre Europ\u00e9en Commun de R\u00e9f\u00e9rence pour les Langues) qui comprend 4 aspects de l'apprentissage des langues, \u00e0 savoir la compr\u00e9hension de l\u2019oral, la compr\u00e9hension des \u00e9crits, la production orale et la production \u00e9crite.<\/p>\n<\/details>\n\n\n\n<details class=\"wp-block-details is-style-default has-small-font-size is-layout-flow wp-block-details-is-layout-flow\"><summary><strong><strong><strong><strong><strong>Puis-je modifier l'horaire des cours ?<\/strong><\/strong><\/strong><\/strong><\/strong><\/summary>\n<p>Lors de l'inscription \u00e0 un cours priv\u00e9, l'\u00e9l\u00e8ve a la libert\u00e9 de choisir un horaire de cours tant que les heures sont encore disponibles. Les \u00e9l\u00e8ves peuvent modifier leur horaire des cours, \u00e0 condition que la notification des modifications d'horaire soit effectu\u00e9e 24 heures avant le d\u00e9but du cours.<\/p>\n<\/details>\n\n\n\n<details class=\"wp-block-details is-style-default has-small-font-size is-layout-flow wp-block-details-is-layout-flow\"><summary><strong><strong><strong><strong><strong>Une fois le cours enti\u00e8rement termin\u00e9, y a-t-il un examen pour passer \u00e0 un niveau sup\u00e9rieur ?<\/strong><\/strong><\/strong><\/strong><\/strong><\/summary>\n<p>Le cours de langue fran\u00e7aise \u00e0 l'Alliance Fran\u00e7aise de Semarang ne propose aucun examen pour les \u00e9l\u00e8ves. Cependant, ils peuvent passer le test de certification de langue fran\u00e7aise, \u00e0 savoir le DELF\/DALF, organis\u00e9 par l'Alliance Fran\u00e7aise et l'Institut Fran\u00e7ais d\u2019Indon\u00e9sie trois fois par an, soit en mars, juin, et novembre.<\/p>\n<\/details>\n\n\n\n<details class=\"wp-block-details is-style-default has-small-font-size is-layout-flow wp-block-details-is-layout-flow\"><summary><strong><strong><strong><strong><strong><strong>Qui peut passer le test de certification du DELF\/DALF \u00e0 l'Alliance Fran\u00e7aise de Semarang ?<\/strong><\/strong><\/strong><\/strong><\/strong><\/strong><\/summary>\n<p>Tout le monde peut passer le DELF \u00e0 l'Alliance Fran\u00e7aise de Semarang \u00e0 condition de s'y \u00eatre inscrit et d'y avoir \u00e9t\u00e9 inscrit en tant que participant au test DELF. Pour votre information, nous organisons quatre niveaux de tests de certification de DELF, \u00e0 savoir A1, A2, B1, et B2.<\/p>\n<\/details>\n\n\n\n<details class=\"wp-block-details is-style-default has-small-font-size is-layout-flow wp-block-details-is-layout-flow\"><summary><strong><strong><strong><strong><strong><strong>Quels avantages obtiendrez-vous apr\u00e8s avoir obtenu un dipl\u00f4me du DELF ?<\/strong><\/strong><\/strong><\/strong><\/strong><\/strong><\/summary>\n<p>Le dipl\u00f4me DELF est un certificat officiel qui montre votre niveau de ma\u00eetrise de la langue fran\u00e7aise et qui peut \u00eatre utilis\u00e9 pour vous inscrire \u00e0 l'\u00e9cole, \u00e0 l\u2019universit\u00e9, ou pour travailler en France. Ce certificat est valable \u00e0 vie et est reconnu internationalement.<\/p>\n<\/details>","protected":false},"excerpt":{"rendered":"","protected":false},"author":1,"featured_media":0,"parent":0,"menu_order":0,"comment_status":"closed","ping_status":"closed","template":"","meta":{"footnotes":""},"_links":{"self":[{"href":"https:\/\/afsemarang.org\/fr\/wp-json\/wp\/v2\/pages\/76"}],"collection":[{"href":"https:\/\/afsemarang.org\/fr\/wp-json\/wp\/v2\/pages"}],"about":[{"href":"https:\/\/afsemarang.org\/fr\/wp-json\/wp\/v2\/types\/page"}],"author":[{"embeddable":true,"href":"https:\/\/afsemarang.org\/fr\/wp-json\/wp\/v2\/users\/1"}],"replies":[{"embeddable":true,"href":"https:\/\/afsemarang.org\/fr\/wp-json\/wp\/v2\/comments?post=76"}],"version-history":[{"count":1,"href":"https:\/\/afsemarang.org\/fr\/wp-json\/wp\/v2\/pages\/76\/revisions"}],"predecessor-version":[{"id":77,"href":"https:\/\/afsemarang.org\/fr\/wp-json\/wp\/v2\/pages\/76\/revisions\/77"}],"wp:attachment":[{"href":"https:\/\/afsemarang.org\/fr\/wp-json\/wp\/v2\/media?parent=76"}],"curies":[{"name":"wp","href":"https:\/\/api.w.org\/{rel}","templated":true}]}}