{"id":73,"date":"2024-05-06T02:41:44","date_gmt":"2024-05-06T02:41:44","guid":{"rendered":"https:\/\/afsemarang.org\/?page_id=73"},"modified":"2024-05-06T02:41:44","modified_gmt":"2024-05-06T02:41:44","slug":"jaringan-kebudayaan-prancis-di-indonesia","status":"publish","type":"page","link":"https:\/\/afsemarang.org\/fr\/jaringan-kebudayaan-prancis-di-indonesia\/","title":{"rendered":"Le r\u00e9seau culturel fran\u00e7ais en Indon\u00e9sie"},"content":{"rendered":"<p>La culture fran\u00e7aise dans le monde existe gr\u00e2ce \u00e0 la diplomatie men\u00e9e par 96 Instituts fran\u00e7ais et plus de 800 Alliances fran\u00e7aises (dont 307 plac\u00e9es sous l'\u00e9gide du Minist\u00e8re de l'Europe et des Affaires \u00c9trang\u00e8res).<\/p>\n\n\n\n<p>Ces r\u00e9seaux culturels fran\u00e7ais contribuent \u00e0 donner un souffle \u00e0 la langue et \u00e0 la culture fran\u00e7aises \u00e0 travers le monde pour qu'elle vive et existe toujours.<\/p>\n\n\n\n<p>Parall\u00e8lement, il existe en Indon\u00e9sie 5 Instituts Fran\u00e7ais et 4 Alliances Fran\u00e7aises qui font partie de divers r\u00e9seaux culturels fran\u00e7ais.<\/p>\n\n\n\n<p><strong>Antennes des r\u00e9seaux culturels fran\u00e7ais en Indon\u00e9sie<\/strong>:<\/p>\n\n\n\n<ul class=\"has-small-font-size\">\n<li><a href=\"https:\/\/www.ifi-id.com\/\">Jakarta\u00a0<\/a><\/li>\n\n\n\n<li><a href=\"https:\/\/www.ifi-id.com\/fr\/home-ifi-bandung-fr\">Bandung<\/a><\/li>\n\n\n\n<li><a href=\"https:\/\/www.ifi-id.com\/fr\/home-ifi-surabaya-fr\">Surabaya<\/a><\/li>\n\n\n\n<li><a href=\"https:\/\/www.ifi-id.com\/fr\/home-ifi-yogyakarta-fr\">Yogyakarta<\/a><\/li>\n\n\n\n<li><a href=\"http:\/\/afmedan.org\/id\/\">Medan<\/a><\/li>\n\n\n\n<li><a href=\"http:\/\/www.afbali.org\/Beranda\">Bali<\/a><\/li>\n\n\n\n<li><a href=\"https:\/\/afmakassar.org\/#\">Makassar<\/a><\/li>\n\n\n\n<li>Semarang<\/li>\n<\/ul>","protected":false},"excerpt":{"rendered":"<p>Kebudayaan Prancis di dunia eksis berkat diplomasi yang dilakukan oleh 96 Institut Fran\u00e7ais dan lebih dari 800 Alliance Fran\u00e7aise (307 di antaranya di bawah naungan Kementerian Eropa dan Luar Negeri). Jejaring kebudayaan Prancis ini berkontribusi memberikan ruh pada budaya Frankofon dan bahasa Prancis sehingga senantiasa hidup dan berada. Sementara itu, terdapat 5 Institut Fran\u00e7ais dan [&hellip;]<\/p>","protected":false},"author":1,"featured_media":0,"parent":0,"menu_order":0,"comment_status":"closed","ping_status":"closed","template":"","meta":{"footnotes":""},"_links":{"self":[{"href":"https:\/\/afsemarang.org\/fr\/wp-json\/wp\/v2\/pages\/73"}],"collection":[{"href":"https:\/\/afsemarang.org\/fr\/wp-json\/wp\/v2\/pages"}],"about":[{"href":"https:\/\/afsemarang.org\/fr\/wp-json\/wp\/v2\/types\/page"}],"author":[{"embeddable":true,"href":"https:\/\/afsemarang.org\/fr\/wp-json\/wp\/v2\/users\/1"}],"replies":[{"embeddable":true,"href":"https:\/\/afsemarang.org\/fr\/wp-json\/wp\/v2\/comments?post=73"}],"version-history":[{"count":1,"href":"https:\/\/afsemarang.org\/fr\/wp-json\/wp\/v2\/pages\/73\/revisions"}],"predecessor-version":[{"id":74,"href":"https:\/\/afsemarang.org\/fr\/wp-json\/wp\/v2\/pages\/73\/revisions\/74"}],"wp:attachment":[{"href":"https:\/\/afsemarang.org\/fr\/wp-json\/wp\/v2\/media?parent=73"}],"curies":[{"name":"wp","href":"https:\/\/api.w.org\/{rel}","templated":true}]}}