{"id":64,"date":"2024-05-04T05:26:22","date_gmt":"2024-05-04T05:26:22","guid":{"rendered":"https:\/\/afsemarang.org\/?page_id=64"},"modified":"2024-05-04T05:27:42","modified_gmt":"2024-05-04T05:27:42","slug":"mengapa-belajar-bahasa-prancis-bersama-kami","status":"publish","type":"page","link":"https:\/\/afsemarang.org\/fr\/mengapa-belajar-bahasa-prancis-bersama-kami\/","title":{"rendered":"Pourquoi nous choisir ?"},"content":{"rendered":"<p class=\"has-medium-font-size\"><strong>\u2192 Nos avantages<\/strong><\/p>\n\n\n\n<p class=\" translation-block\">Les professeurs exp\u00e9riment\u00e9s, hautement qualifi\u00e9s et ayant suivi une formation dans le domaine du FLE (Fran\u00e7ais Langue \u00c9trang\u00e8re) concernant l'apprentissage du fran\u00e7ais pour les apprenants \u00e9trangers.<\/p>\n\n\n\n<p class=\"has-medium-font-size\"><strong>\u2192 M\u00e9thode<\/strong><\/p>\n\n\n\n<p class=\" translation-block\">Les m\u00e9thodes utilis\u00e9es lors de l'enseignement de la langue fran\u00e7aise (\u00e0 la fois en ligne et pr\u00e9sentiel) sont bas\u00e9es sur le Cadre Europ\u00e9en Commun de R\u00e9f\u00e9rence pour Les Langues (CECRL), reconnu internationalement.<\/p>\n\n\n\n<p class=\"has-medium-font-size\"><strong>\u2192 R\u00e9seaux<\/strong><\/p>\n\n\n\n<p>L\u2019Alliance Fran\u00e7aise de Semarang est associ\u00e9e \u00e0 l'Ambassade de France en Indon\u00e9sie, \u00e0 l'Institut Fran\u00e7ais d'Indon\u00e9sie (IFI), au Campus France et \u00e0 toutes les Alliances Fran\u00e7aises de l\u2019Asie du Sud-Est.<\/p>\n\n\n\n<p class=\"has-medium-font-size\"><strong>\u2192 Certification<\/strong><\/p>\n\n\n\n<p>L'Alliance Fran\u00e7aise de Semarang est le seul centre d'examen \u00e0 Java Central qui propose une certification de langue fran\u00e7aise reconnue internationalement.<\/p>\n\n\n\n<p class=\"has-medium-font-size\"><strong>\u2192 Flexibilit\u00e9<\/strong><\/p>\n\n\n\n<p>L'Alliance Fran\u00e7aise de Semarang propose diverses options de cours permettant aux \u00e9tudiants de choisir en fonction de leurs besoins.<\/p>\n\n\n\n<p class=\"has-medium-font-size\"><strong>\u2192 Activit\u00e9s en dehors des cours<\/strong><\/p>\n\n\n\n<p>De mani\u00e8re coh\u00e9rente, l'Alliance Fran\u00e7aise de Semarang m\u00e8ne des activit\u00e9s sur les th\u00e8mes de la langue, de la culture et de l'information p\u00e9dagogique en France, en lien avec l'\u00e9ducation en Indon\u00e9sie.<\/p>\n\n\n\n<p class=\"has-medium-font-size\"><strong>\u2192 Contenu \u00e9ducatif en fran\u00e7ais<\/strong><\/p>\n\n\n\n<p>L'Alliance Fran\u00e7aise de Semarang publie activement du contenu \u00e9ducatif en fran\u00e7ais sur les r\u00e9seaux sociaux pour fournir des connaissances suppl\u00e9mentaires, tant aux apprenants qu'aux non-apprenants de la langue fran\u00e7aise.<\/p>\n\n\n\n<p class=\"has-medium-font-size\"><strong>\u2192 Litt\u00e9ratures<\/strong><\/p>\n\n\n\n<p>L'Alliance Fran\u00e7aise de Semarang collabore avec les biblioth\u00e8ques et les m\u00e9dias num\u00e9riques, notamment la M\u00e9diath\u00e8que et la Cultureth\u00e8que, qui mettent \u00e0 disposition plus de 150 000 ressources audio, vid\u00e9o et de lecture en fran\u00e7ais.<\/p>","protected":false},"excerpt":{"rendered":"<p>\u2192 Keunggulan Pengajar berpengalaman dengan kualifikasi tinggi dan telah mengikuti pelatihan di bidang FLE (Fran\u00e7ais Langue \u00c9trang\u00e8re) perihal pembelajaran bahasa Prancis sebagai bahasa asing. \u2192 Metode Metode yang digunakan selama pengajaran bahasa Prancis (baik daring maupun tatap muka) berlandaskan pada Kerangka Acuan Umum Eropa atau Cadre Europ\u00e9en Commun de R\u00e9f\u00e9rence pour Les Langues (CECRL) yang [&hellip;]<\/p>","protected":false},"author":1,"featured_media":0,"parent":0,"menu_order":0,"comment_status":"closed","ping_status":"closed","template":"","meta":{"footnotes":""},"_links":{"self":[{"href":"https:\/\/afsemarang.org\/fr\/wp-json\/wp\/v2\/pages\/64"}],"collection":[{"href":"https:\/\/afsemarang.org\/fr\/wp-json\/wp\/v2\/pages"}],"about":[{"href":"https:\/\/afsemarang.org\/fr\/wp-json\/wp\/v2\/types\/page"}],"author":[{"embeddable":true,"href":"https:\/\/afsemarang.org\/fr\/wp-json\/wp\/v2\/users\/1"}],"replies":[{"embeddable":true,"href":"https:\/\/afsemarang.org\/fr\/wp-json\/wp\/v2\/comments?post=64"}],"version-history":[{"count":1,"href":"https:\/\/afsemarang.org\/fr\/wp-json\/wp\/v2\/pages\/64\/revisions"}],"predecessor-version":[{"id":65,"href":"https:\/\/afsemarang.org\/fr\/wp-json\/wp\/v2\/pages\/64\/revisions\/65"}],"wp:attachment":[{"href":"https:\/\/afsemarang.org\/fr\/wp-json\/wp\/v2\/media?parent=64"}],"curies":[{"name":"wp","href":"https:\/\/api.w.org\/{rel}","templated":true}]}}