{"id":62,"date":"2024-05-04T05:22:49","date_gmt":"2024-05-04T05:22:49","guid":{"rendered":"https:\/\/afsemarang.org\/?page_id=62"},"modified":"2024-05-04T05:22:49","modified_gmt":"2024-05-04T05:22:49","slug":"siapa-kami","status":"publish","type":"page","link":"https:\/\/afsemarang.org\/fr\/siapa-kami\/","title":{"rendered":"Qui sommes-nous ?"},"content":{"rendered":"<p>L'Alliance Fran\u00e7aise est une institution d'apprentissage de la langue fran\u00e7aise ainsi que de diffusion de la culture francophone r\u00e9partie dans le monde entier sur les 5 continents.<\/p>\n\n\n\n<p>Cr\u00e9\u00e9e le 21 juillet 1883 par Paul Cambon (diplomate) et Pierre Foncin (g\u00e9ographe), L\u2019Alliance Fran\u00e7aise avait son id\u00e9e initiale de rassembler les francophones. Parmi les premiers membres du conseil d'administration de l'\u00e9poque, on compte diverses personnalit\u00e9s telles que : Ferdinand de Lesseps (diplomate), Armand Colin (directeur d\u2019une maison d\u2019\u00e9dition), Ernest Renan (philosophe), Louis Pasteur (scientifique) et Jules Verne (\u00e9crivain).<\/p>\n\n\n\n<p class=\" translation-block\">Un an apr\u00e8s la cr\u00e9ation de l'Alliance Fran\u00e7aise, soit en 1884, cette institution s'est \u00e9tendue aux villes de cinq pays diff\u00e9rents ; d'abord \u00e0 Barcelone, puis au S\u00e9n\u00e9gal, au Mexique, en Inde et en Australie. Au fil du temps, en 2007, la Fondation Alliance Fran\u00e7aise a \u00e9t\u00e9 cr\u00e9\u00e9e pour coordonner toutes les Alliances Fran\u00e7aises dans le monde.<\/p>\n\n\n\n<p class=\" translation-block\">Avec ses 140 ans d'existence, l'Alliance Fran\u00e7aise comme r\u00e9seau colossal regroupe plus de 832 Alliances Fran\u00e7aises dans 131 pays avec plus de 500.000 \u00e9l\u00e8ves (toutes classes confondues) et plus de 14.000 partenaires (dont 8.800 \u00e9l\u00e8ves).<\/p>\n\n\n\n<p class=\" translation-block\">En tant qu'organisation locale \u00e0 but non lucratif, l'Alliance Fran\u00e7aise de Semarang vise \u00e0 cr\u00e9er un espace de dialogue interculturel permettant une meilleure acceptation et compr\u00e9hension entre les habitants de Semarang et la France. Au cours de sa croissance, l'Alliance Fran\u00e7aise de Semarang s'engage \u00e0 toujours am\u00e9liorer la qualit\u00e9 de son \u00e9tablissement d'ann\u00e9e en ann\u00e9e en invitant des interlocuteurs de langue fran\u00e7aise, en r\u00e9alisant diverses activit\u00e9s culturelles, etc.<\/p>\n\n\n\n<p class=\" translation-block\">En tant que la seule Alliance Fran\u00e7aise sur l'\u00eele de Java, l'Alliance Fran\u00e7aise de Semarang r\u00e9alise plusieurs missions, dont :<\/p>\n\n\n\n<ol>\n<li class=\"has-small-font-size\">De proposer diverses options de cours de fran\u00e7ais en fonction du niveau de langue, de l'\u00e2ge, et des besoins des \u00e9tudiants.<\/li>\n\n\n\n<li class=\"has-small-font-size translation-block\">De faire conna\u00eetre les cultures fran\u00e7aise et francophone \u00e0 travers ses diverses activit\u00e9s r\u00e9guli\u00e8res.<\/li>\n\n\n\n<li class=\"has-small-font-size\">De jouer un r\u00f4le actif dans l'introduction de la langue et de la culture fran\u00e7aises aupr\u00e8s des habitants de la ville de Semarang en particulier et des habitants du centre de Java en g\u00e9n\u00e9ral.<\/li>\n<\/ol>\n\n\n\n<p><\/p>","protected":false},"excerpt":{"rendered":"<p>Alliance Fran\u00e7aise (Aliansi Bahasa Prancis) merupakan lembaga tempat pembelajaran bahasa Prancis serta penyebaran budaya frankofon yang tersebar di seluruh dunia mencakup 5 benua. Pertama kali dibentuk pada 21 Juli 1883 oleh Paul Cambon (diplomat) dan Pierre Foncin (geografer) dengan gagasan awal Alliance Fran\u00e7aise (disingkat AF) untuk mengumpulkan para penutur bahasa Prancis. Di antara anggota-anggota awal [&hellip;]<\/p>","protected":false},"author":1,"featured_media":0,"parent":0,"menu_order":0,"comment_status":"closed","ping_status":"closed","template":"","meta":{"footnotes":""},"_links":{"self":[{"href":"https:\/\/afsemarang.org\/fr\/wp-json\/wp\/v2\/pages\/62"}],"collection":[{"href":"https:\/\/afsemarang.org\/fr\/wp-json\/wp\/v2\/pages"}],"about":[{"href":"https:\/\/afsemarang.org\/fr\/wp-json\/wp\/v2\/types\/page"}],"author":[{"embeddable":true,"href":"https:\/\/afsemarang.org\/fr\/wp-json\/wp\/v2\/users\/1"}],"replies":[{"embeddable":true,"href":"https:\/\/afsemarang.org\/fr\/wp-json\/wp\/v2\/comments?post=62"}],"version-history":[{"count":1,"href":"https:\/\/afsemarang.org\/fr\/wp-json\/wp\/v2\/pages\/62\/revisions"}],"predecessor-version":[{"id":63,"href":"https:\/\/afsemarang.org\/fr\/wp-json\/wp\/v2\/pages\/62\/revisions\/63"}],"wp:attachment":[{"href":"https:\/\/afsemarang.org\/fr\/wp-json\/wp\/v2\/media?parent=62"}],"curies":[{"name":"wp","href":"https:\/\/api.w.org\/{rel}","templated":true}]}}