{"id":571,"date":"2024-07-26T09:38:17","date_gmt":"2024-07-26T09:38:17","guid":{"rendered":"https:\/\/afsemarang.org\/?page_id=571"},"modified":"2024-07-26T09:38:17","modified_gmt":"2024-07-26T09:38:17","slug":"delf-tous-publics","status":"publish","type":"page","link":"https:\/\/afsemarang.org\/fr\/delf-tous-publics\/","title":{"rendered":"DELF Tous Publics"},"content":{"rendered":"<p>DELF Tout Public merupakan ijazah resmi yang dikeluarkan oleh Kementerian Pendidikan Prancis dengan mengikuti acuan CECRL (Cadre europ\u00e9en commun de r\u00e9f\u00e9rence pour les langues). Tema yang diujikan berkaitan dengan dunia profesional, kultur, maupun pendidikan.<\/p>\n\n\n\n<p>Ada empat sertifikat untuk empat level: A1, A2, B1, dan B2.&nbsp;<\/p>\n\n\n\n<p>Berikut adalah empat kompetensi yang dinilai pada DELF Tout Public:<\/p>\n\n\n\n<ul>\n<li class=\"has-small-font-size\">Pemahaman lisan \/ mendengarkan <em>(comprehension orale)<\/em><\/li>\n\n\n\n<li class=\"has-small-font-size translation-block\">La comprehension \u00e9crite<\/li>\n\n\n\n<li class=\"has-small-font-size\">Produksi tertulis \/ menulis<em> (production \u00e9crite)<\/em><\/li>\n\n\n\n<li class=\"has-small-font-size\">Produksi lisan \/ berbicara <em>(production orale)<\/em><\/li>\n<\/ul>\n\n\n\n<h5 class=\"wp-block-heading\"><strong>Peserta DELF <\/strong><strong>Tout Public<\/strong><\/h5>\n\n\n\n<p>DELF Tout Public sangat sesuai untuk menguji kemampuan bahasa Prancis peserta yang berusia 18 tahun ke atas, baik orang asing maupun orang Prancis, yang ingin menilai kemampuan bahasa Prancis mereka untuk tujuan pribadi atau profesional.&nbsp;<\/p>\n\n\n\n<h5 class=\"wp-block-heading\"><strong>Pentingnya Ijazah DELF <\/strong><strong>Tout Public<\/strong><\/h5>\n\n\n\n<p>Ijazah DELF Tout Public diakui di seluruh dunia dan berlaku seumur hidup. Ijazah ini juga dapat digunakan untuk mendaftar di perguruan tinggi di Prancis, Eropa, maupun negara penutur Prancis. Selain itu, tergantung pada levelnya, DELF Tout Public dapat meningkatkan curriculum vitae (CV) dan mempermudah seseorang untuk mendapatkan pekerjaan di perusahaan yang menggunakan bahasa Prancis.<\/p>\n\n\n\n<h5 class=\"wp-block-heading\"><strong>Tempat Penyelenggaraan DELF <\/strong><strong>Tout Public<\/strong><\/h5>\n\n\n\n<p>Peserta ujian dapat mengikuti DELF Tout Public di seluruh IFI (Jakarta, Bandung, Yogyakarta, dan Surabaya) maupun AF (Semarang, Medan, Bali, dan Makassar).<\/p>\n\n\n\n<h5 class=\"wp-block-heading\"><strong>Jadwal Ujian DELF Tout Public<\/strong><\/h5>\n\n\n\n<figure class=\"wp-block-table has-small-font-size\"><table><tbody><tr><td><strong>S\u00e9ssion 2024<\/strong><\/td><td><strong>Pendaftaran<\/strong><\/td><td><strong>Date de l'examen<\/strong><\/td><td><strong>Hasil Ujian<\/strong><\/td><\/tr><tr><td>Mars&nbsp;<\/td><td>22 Januari\u20132 Februari<\/td><td>4\u20139 Maret<\/td><td>8 April<\/td><\/tr><tr><td>Juin&nbsp;<\/td><td>20\u201331 Mei<\/td><td>24\u201329 Juni<\/td><td>29 Juli<\/td><\/tr><tr><td>Novembre<\/td><td>30 September\u201311 Oktober<\/td><td>4\u20139 November<\/td><td>16 Desember<\/td><\/tr><\/tbody><\/table><\/figure>","protected":false},"excerpt":{"rendered":"<p>DELF Tout Public merupakan ijazah resmi yang dikeluarkan oleh Kementerian Pendidikan Prancis dengan mengikuti acuan CECRL (Cadre europ\u00e9en commun de r\u00e9f\u00e9rence pour les langues). Tema yang diujikan berkaitan dengan dunia profesional, kultur, maupun pendidikan. Ada empat sertifikat untuk empat level: A1, A2, B1, dan B2.&nbsp; Berikut adalah empat kompetensi yang dinilai pada DELF Tout Public: [&hellip;]<\/p>","protected":false},"author":1,"featured_media":0,"parent":0,"menu_order":0,"comment_status":"closed","ping_status":"closed","template":"","meta":{"footnotes":""},"_links":{"self":[{"href":"https:\/\/afsemarang.org\/fr\/wp-json\/wp\/v2\/pages\/571"}],"collection":[{"href":"https:\/\/afsemarang.org\/fr\/wp-json\/wp\/v2\/pages"}],"about":[{"href":"https:\/\/afsemarang.org\/fr\/wp-json\/wp\/v2\/types\/page"}],"author":[{"embeddable":true,"href":"https:\/\/afsemarang.org\/fr\/wp-json\/wp\/v2\/users\/1"}],"replies":[{"embeddable":true,"href":"https:\/\/afsemarang.org\/fr\/wp-json\/wp\/v2\/comments?post=571"}],"version-history":[{"count":1,"href":"https:\/\/afsemarang.org\/fr\/wp-json\/wp\/v2\/pages\/571\/revisions"}],"predecessor-version":[{"id":572,"href":"https:\/\/afsemarang.org\/fr\/wp-json\/wp\/v2\/pages\/571\/revisions\/572"}],"wp:attachment":[{"href":"https:\/\/afsemarang.org\/fr\/wp-json\/wp\/v2\/media?parent=571"}],"curies":[{"name":"wp","href":"https:\/\/api.w.org\/{rel}","templated":true}]}}