{"id":560,"date":"2024-07-26T07:55:54","date_gmt":"2024-07-26T07:55:54","guid":{"rendered":"https:\/\/afsemarang.org\/?page_id=560"},"modified":"2024-07-26T07:55:54","modified_gmt":"2024-07-26T07:55:54","slug":"kursus-persiapan-delf","status":"publish","type":"page","link":"https:\/\/afsemarang.org\/fr\/kursus-persiapan-delf\/","title":{"rendered":"Kursus Persiapan DELF"},"content":{"rendered":"<p>Punya mimpi untuk melanjutkan studi di Prancis maupun negara frankofon? Salah satu dokumen penting yang harus dimiliki adalah sertifikat ujian DELF (Dipl\u00f4me d&#8217;\u00e9tudes en langue fran\u00e7aise). Jika ingin lulus ujian DELF dengan hasil yang memuaskan, ikuti program persiapan DELF dari AF Semarang. Program ini dirancang khusus untuk Anda yang ingin meningkatkan kemampuan berbahasa Prancis sebelum mengikuti ujian DELF.&nbsp;<\/p>\n\n\n\n<p>Persiapkan diri sebaik-baiknya dengan kursus persiapan DELF dari AF Semarang!<\/p>\n\n\n\n<p><strong>Mengapa Memilih Kursus <\/strong><strong>Persiapan DELF <\/strong><strong>di AF Semarang?<\/strong><\/p>\n\n\n\n<ol>\n<li class=\"has-small-font-size\">Kurikulum yang disesuaikan dengan format ujian DELF (mendengarkan, berbicara, membaca, dan menulis).<\/li>\n\n\n\n<li class=\"has-small-font-size\">Pengajar yang berpengalaman.<\/li>\n\n\n\n<li class=\"has-small-font-size\">Terdapat simulasi ujian DELF.<\/li>\n\n\n\n<li class=\"has-small-font-size\">Materi pembelajaran yang komprehensif.<\/li>\n<\/ol>\n\n\n\n<h5 class=\"wp-block-heading has-text-align-center\">Untuk informasi lebih lanjut dan pendaftaran, <br>silakan hubungi kami di info.alliancesemarang@gmail.com atau WA: +62 856-4130-8944.<\/h5>\n\n\n\n<p><\/p>","protected":false},"excerpt":{"rendered":"<p>Punya mimpi untuk melanjutkan studi di Prancis maupun negara frankofon? Salah satu dokumen penting yang harus dimiliki adalah sertifikat ujian DELF (Dipl\u00f4me d&#8217;\u00e9tudes en langue fran\u00e7aise). Jika ingin lulus ujian DELF dengan hasil yang memuaskan, ikuti program persiapan DELF dari AF Semarang. Program ini dirancang khusus untuk Anda yang ingin meningkatkan kemampuan berbahasa Prancis sebelum [&hellip;]<\/p>","protected":false},"author":1,"featured_media":0,"parent":0,"menu_order":0,"comment_status":"closed","ping_status":"closed","template":"","meta":{"footnotes":""},"_links":{"self":[{"href":"https:\/\/afsemarang.org\/fr\/wp-json\/wp\/v2\/pages\/560"}],"collection":[{"href":"https:\/\/afsemarang.org\/fr\/wp-json\/wp\/v2\/pages"}],"about":[{"href":"https:\/\/afsemarang.org\/fr\/wp-json\/wp\/v2\/types\/page"}],"author":[{"embeddable":true,"href":"https:\/\/afsemarang.org\/fr\/wp-json\/wp\/v2\/users\/1"}],"replies":[{"embeddable":true,"href":"https:\/\/afsemarang.org\/fr\/wp-json\/wp\/v2\/comments?post=560"}],"version-history":[{"count":1,"href":"https:\/\/afsemarang.org\/fr\/wp-json\/wp\/v2\/pages\/560\/revisions"}],"predecessor-version":[{"id":561,"href":"https:\/\/afsemarang.org\/fr\/wp-json\/wp\/v2\/pages\/560\/revisions\/561"}],"wp:attachment":[{"href":"https:\/\/afsemarang.org\/fr\/wp-json\/wp\/v2\/media?parent=560"}],"curies":[{"name":"wp","href":"https:\/\/api.w.org\/{rel}","templated":true}]}}