{"id":548,"date":"2024-07-24T03:57:47","date_gmt":"2024-07-24T03:57:47","guid":{"rendered":"https:\/\/afsemarang.org\/?page_id=548"},"modified":"2024-07-24T03:57:47","modified_gmt":"2024-07-24T03:57:47","slug":"%f0%9f%8e%ac-soiree-cinema-%f0%9f%8e%ac","status":"publish","type":"page","link":"https:\/\/afsemarang.org\/fr\/%f0%9f%8e%ac-soiree-cinema-%f0%9f%8e%ac\/","title":{"rendered":"\ud83c\udfac Soir\u00e9e Cin\u00e9ma \ud83c\udfac"},"content":{"rendered":"<figure class=\"wp-block-gallery has-nested-images columns-default is-cropped wp-block-gallery-1 is-layout-flex wp-block-gallery-is-layout-flex\">\n<figure class=\"wp-block-image size-large\"><img loading=\"lazy\" decoding=\"async\" width=\"1080\" height=\"1080\" data-id=\"498\" src=\"https:\/\/afsemarang.org\/wp-content\/uploads\/2024\/07\/WhatsApp-Image-2024-07-15-at-13.45.48_91e664f0.jpg\" alt=\"\" class=\"wp-image-498\" srcset=\"https:\/\/afsemarang.org\/wp-content\/uploads\/2024\/07\/WhatsApp-Image-2024-07-15-at-13.45.48_91e664f0.jpg 1080w, https:\/\/afsemarang.org\/wp-content\/uploads\/2024\/07\/WhatsApp-Image-2024-07-15-at-13.45.48_91e664f0-500x500.jpg 500w, https:\/\/afsemarang.org\/wp-content\/uploads\/2024\/07\/WhatsApp-Image-2024-07-15-at-13.45.48_91e664f0-150x150.jpg 150w, https:\/\/afsemarang.org\/wp-content\/uploads\/2024\/07\/WhatsApp-Image-2024-07-15-at-13.45.48_91e664f0-768x768.jpg 768w, https:\/\/afsemarang.org\/wp-content\/uploads\/2024\/07\/WhatsApp-Image-2024-07-15-at-13.45.48_91e664f0-12x12.jpg 12w\" sizes=\"(max-width: 1080px) 100vw, 1080px\" \/><\/figure>\n\n\n\n<figure class=\"wp-block-image size-large\"><img loading=\"lazy\" decoding=\"async\" width=\"1080\" height=\"1080\" data-id=\"497\" src=\"https:\/\/afsemarang.org\/wp-content\/uploads\/2024\/07\/WhatsApp-Image-2024-07-15-at-13.46.15_377ad225.jpg\" alt=\"\" class=\"wp-image-497\" srcset=\"https:\/\/afsemarang.org\/wp-content\/uploads\/2024\/07\/WhatsApp-Image-2024-07-15-at-13.46.15_377ad225.jpg 1080w, https:\/\/afsemarang.org\/wp-content\/uploads\/2024\/07\/WhatsApp-Image-2024-07-15-at-13.46.15_377ad225-500x500.jpg 500w, https:\/\/afsemarang.org\/wp-content\/uploads\/2024\/07\/WhatsApp-Image-2024-07-15-at-13.46.15_377ad225-150x150.jpg 150w, https:\/\/afsemarang.org\/wp-content\/uploads\/2024\/07\/WhatsApp-Image-2024-07-15-at-13.46.15_377ad225-768x768.jpg 768w, https:\/\/afsemarang.org\/wp-content\/uploads\/2024\/07\/WhatsApp-Image-2024-07-15-at-13.46.15_377ad225-12x12.jpg 12w\" sizes=\"(max-width: 1080px) 100vw, 1080px\" \/><\/figure>\n\n\n\n<figure class=\"wp-block-image size-large\"><img loading=\"lazy\" decoding=\"async\" width=\"1080\" height=\"1080\" data-id=\"496\" src=\"https:\/\/afsemarang.org\/wp-content\/uploads\/2024\/07\/WhatsApp-Image-2024-07-15-at-13.46.27_3fdaf202.jpg\" alt=\"\" class=\"wp-image-496\" srcset=\"https:\/\/afsemarang.org\/wp-content\/uploads\/2024\/07\/WhatsApp-Image-2024-07-15-at-13.46.27_3fdaf202.jpg 1080w, https:\/\/afsemarang.org\/wp-content\/uploads\/2024\/07\/WhatsApp-Image-2024-07-15-at-13.46.27_3fdaf202-500x500.jpg 500w, https:\/\/afsemarang.org\/wp-content\/uploads\/2024\/07\/WhatsApp-Image-2024-07-15-at-13.46.27_3fdaf202-150x150.jpg 150w, https:\/\/afsemarang.org\/wp-content\/uploads\/2024\/07\/WhatsApp-Image-2024-07-15-at-13.46.27_3fdaf202-768x768.jpg 768w, https:\/\/afsemarang.org\/wp-content\/uploads\/2024\/07\/WhatsApp-Image-2024-07-15-at-13.46.27_3fdaf202-12x12.jpg 12w\" sizes=\"(max-width: 1080px) 100vw, 1080px\" \/><\/figure>\n<\/figure>\n\n\n\n<p>Bonjour! Siapa yang sudah tidak sabar untuk nonton film Prancis?<br>Nah Soir\u00e9e Cin\u00e9ma kali ini akan disertai diskusi menarik bersama Bapak Ardisnyah Harjunantio, Jurnalis Senior. Yuk, datang ke Soir\u00e9e Cin\u00e9ma dan nikmati nonton film seru bersama kami di Alliance Fran\u00e7aise Semarang. Acara ini terbuka untuk semua, jadi ajak teman kamu untuk bergabung &nbsp;pada:<\/p>\n\n\n\n<p>\ud83d\udcc5 Sabtu, 20 Juli 2024 &nbsp;<br>\ud83d\udd5e 15:30 s.d. selesai &nbsp;<br>\ud83d\udccd Alliance Fran\u00e7aise Semarang<\/p>\n\n\n\n<p>Jangan lewatkan kesempatan untuk menonton film-film pilihan yang pastinya menarik. Sampai jumpa di sana!<\/p>\n\n\n\n<p>Info lebih lanjut:<\/p>\n\n\n\n<p>WA :&nbsp;<a href=\"https:\/\/wa.me\/+6285641308944\">+6285641308944<\/a><\/p>\n\n\n\n<p>IG :&nbsp;<a href=\"https:\/\/www.instagram.com\/af_semarang\">@af_semarang.com<\/a><\/p>\n\n\n\n<div class=\"wp-block-group has-global-padding is-layout-constrained wp-block-group-is-layout-constrained\">\n<div class=\"wp-block-group is-vertical is-content-justification-center is-layout-flex wp-container-core-group-is-layout-1 wp-block-group-is-layout-flex\">\n<p><strong>Klik untuk registrasi GRATIS!<\/strong><\/p>\n\n\n\n<div class=\"wp-block-buttons is-layout-flex wp-block-buttons-is-layout-flex\">\n<div class=\"wp-block-button\"><a class=\"wp-block-button__link wp-element-button\" href=\"https:\/\/bit.ly\/soireecinema_juli\">Registrer<\/a><\/div>\n<\/div>\n<\/div>\n<\/div>","protected":false},"excerpt":{"rendered":"<p>Bonjour! Siapa yang sudah tidak sabar untuk nonton film Prancis?Nah Soir\u00e9e Cin\u00e9ma kali ini akan disertai diskusi menarik bersama Bapak Ardisnyah Harjunantio, Jurnalis Senior. Yuk, datang ke Soir\u00e9e Cin\u00e9ma dan nikmati nonton film seru bersama kami di Alliance Fran\u00e7aise Semarang. Acara ini terbuka untuk semua, jadi ajak teman kamu untuk bergabung &nbsp;pada: \ud83d\udcc5 Sabtu, 20 [&hellip;]<\/p>","protected":false},"author":1,"featured_media":0,"parent":0,"menu_order":0,"comment_status":"closed","ping_status":"closed","template":"","meta":{"footnotes":""},"_links":{"self":[{"href":"https:\/\/afsemarang.org\/fr\/wp-json\/wp\/v2\/pages\/548"}],"collection":[{"href":"https:\/\/afsemarang.org\/fr\/wp-json\/wp\/v2\/pages"}],"about":[{"href":"https:\/\/afsemarang.org\/fr\/wp-json\/wp\/v2\/types\/page"}],"author":[{"embeddable":true,"href":"https:\/\/afsemarang.org\/fr\/wp-json\/wp\/v2\/users\/1"}],"replies":[{"embeddable":true,"href":"https:\/\/afsemarang.org\/fr\/wp-json\/wp\/v2\/comments?post=548"}],"version-history":[{"count":1,"href":"https:\/\/afsemarang.org\/fr\/wp-json\/wp\/v2\/pages\/548\/revisions"}],"predecessor-version":[{"id":549,"href":"https:\/\/afsemarang.org\/fr\/wp-json\/wp\/v2\/pages\/548\/revisions\/549"}],"wp:attachment":[{"href":"https:\/\/afsemarang.org\/fr\/wp-json\/wp\/v2\/media?parent=548"}],"curies":[{"name":"wp","href":"https:\/\/api.w.org\/{rel}","templated":true}]}}