{"id":542,"date":"2024-07-24T03:53:44","date_gmt":"2024-07-24T03:53:44","guid":{"rendered":"https:\/\/afsemarang.org\/?page_id=542"},"modified":"2024-07-24T03:55:32","modified_gmt":"2024-07-24T03:55:32","slug":"les-parapluies-de-cherbourg","status":"publish","type":"page","link":"https:\/\/afsemarang.org\/fr\/les-parapluies-de-cherbourg\/","title":{"rendered":"Les Parapluies de Cherbourg"},"content":{"rendered":"<h4 class=\"wp-block-heading\"><strong>Les Parapluies de Cherbourg<\/strong><\/h4>\n\n\n\n<p style=\"line-height:1.5\">Titre : <em>The Umbrellas of Cherbourg<\/em><\/p>\n\n\n\n<p style=\"line-height:1.5\">Ann\u00e9e de sortie : 1964<\/p>\n\n\n\n<p style=\"line-height:1.5\">R\u00e9alisateur : Jacques Demy<\/p>\n\n\n\n<p style=\"line-height:1.5\">Acteurs : Catherine Deneuve et Nino Castelnuovo<\/p>\n\n\n\n<p style=\"line-height:1\">Musique : Michel Legrand<\/p>\n\n\n\n<hr class=\"wp-block-separator has-text-color has-contrast-2-color has-alpha-channel-opacity has-contrast-2-background-color has-background is-style-wide\"\/>\n\n\n\n<h5 class=\"wp-block-heading\" style=\"font-size:clamp(0.929rem, 0.929rem + ((1vw - 0.2rem) * 0.785), 1.4rem);\"><strong>R\u00e9sum\u00e9<\/strong><\/h5>\n\n\n\n<p>Genevi\u00e8ve Emery, fille d'un propri\u00e9taire de magasin de parapluies, est amoureuse de Guy Foucher, un jeune m\u00e9canicien. La m\u00e8re d'Emery n'approuve pas leur relation. Guy est invit\u00e9 \u00e0 rejoindre l'arm\u00e9e dans la guerre d'Alg\u00e9rie et Genevi\u00e8ve se rend \u00e0 Guy avant son d\u00e9part. Puis elle est tomb\u00e9e enceinte, mais Guy disait rarement quelque chose. Sous les encouragements de sa m\u00e8re, Genevi\u00e8ve accepte d'\u00e9pouser Roland Cassard, un riche diamantaire.<\/p>\n\n\n\n<p>Allons regarder ce film qui sera tourn\u00e9 :<\/p>\n\n\n\n<p style=\"line-height:1.5\"><strong>Jour :<\/strong> Rabu, 22 Mei 2024<\/p>\n\n\n\n<p style=\"line-height:1.5\"><strong>Heure :<\/strong> 18h30 jusqu'\u00e0 la fin<\/p>\n\n\n\n<p style=\"line-height:1.5\"><strong>Lieu :<\/strong> Kedai Kopi Moenasiah (Ruko Segitiga Emas No. C6, Ngaliyan, Kota Semarang)<\/p>\n\n\n\n<p style=\"line-height:0.5\"><\/p>\n\n\n\n<p class=\"has-text-align-center\"><strong>Cliquez pour vous inscrire GRATUITEMENT!<\/strong><\/p>\n\n\n\n<div class=\"wp-block-buttons is-content-justification-center is-layout-flex wp-container-core-buttons-is-layout-1 wp-block-buttons-is-layout-flex\">\n<div class=\"wp-block-button\"><a class=\"wp-block-button__link has-text-align-center wp-element-button\" href=\"https:\/\/bit.ly\/soireecinema_mei\" target=\"_blank\" rel=\"noreferrer noopener\">Registrer<\/a><\/div>\n<\/div>","protected":false},"excerpt":{"rendered":"<p>Les Parapluies de Cherbourg Judul dalam bahasa Inggris: The Umbrellas of Cherbourg Tahun rilis: 1964 Sutradara:&nbsp;Jacques Demy Pemeran: Catherine Deneuve dan Nino Castelnuovo Musik: Michel Legrand Sinopsis: Genevi\u00e8ve Emery, putri seorang ibu pemilik toko payung, mencintai Guy Foucher, seorang montir muda. Ibu Emery tidak merestui hubungan keduanya. Guy diminta bergabung menjadi tentara dalam Perang Aljazair [&hellip;]<\/p>","protected":false},"author":1,"featured_media":544,"parent":0,"menu_order":0,"comment_status":"closed","ping_status":"closed","template":"","meta":{"footnotes":""},"_links":{"self":[{"href":"https:\/\/afsemarang.org\/fr\/wp-json\/wp\/v2\/pages\/542"}],"collection":[{"href":"https:\/\/afsemarang.org\/fr\/wp-json\/wp\/v2\/pages"}],"about":[{"href":"https:\/\/afsemarang.org\/fr\/wp-json\/wp\/v2\/types\/page"}],"author":[{"embeddable":true,"href":"https:\/\/afsemarang.org\/fr\/wp-json\/wp\/v2\/users\/1"}],"replies":[{"embeddable":true,"href":"https:\/\/afsemarang.org\/fr\/wp-json\/wp\/v2\/comments?post=542"}],"version-history":[{"count":2,"href":"https:\/\/afsemarang.org\/fr\/wp-json\/wp\/v2\/pages\/542\/revisions"}],"predecessor-version":[{"id":547,"href":"https:\/\/afsemarang.org\/fr\/wp-json\/wp\/v2\/pages\/542\/revisions\/547"}],"wp:featuredmedia":[{"embeddable":true,"href":"https:\/\/afsemarang.org\/fr\/wp-json\/wp\/v2\/media\/544"}],"wp:attachment":[{"href":"https:\/\/afsemarang.org\/fr\/wp-json\/wp\/v2\/media?parent=542"}],"curies":[{"name":"wp","href":"https:\/\/api.w.org\/{rel}","templated":true}]}}