{"id":530,"date":"2024-07-24T03:26:34","date_gmt":"2024-07-24T03:26:34","guid":{"rendered":"https:\/\/afsemarang.org\/?page_id=530"},"modified":"2024-07-24T03:26:34","modified_gmt":"2024-07-24T03:26:34","slug":"mengenal-dan-mengenang-pierre-labrousse","status":"publish","type":"page","link":"https:\/\/afsemarang.org\/fr\/mengenal-dan-mengenang-pierre-labrousse\/","title":{"rendered":"Mengenal dan Mengenang Pierre Labrousse"},"content":{"rendered":"<figure class=\"wp-block-image size-full\"><img loading=\"lazy\" decoding=\"async\" width=\"1280\" height=\"720\" src=\"https:\/\/afsemarang.org\/wp-content\/uploads\/2024\/06\/WhatsApp-Image-2024-06-26-at-14.00.04_42ed0133.jpg\" alt=\"\" class=\"wp-image-438\" srcset=\"https:\/\/afsemarang.org\/wp-content\/uploads\/2024\/06\/WhatsApp-Image-2024-06-26-at-14.00.04_42ed0133.jpg 1280w, https:\/\/afsemarang.org\/wp-content\/uploads\/2024\/06\/WhatsApp-Image-2024-06-26-at-14.00.04_42ed0133-500x281.jpg 500w, https:\/\/afsemarang.org\/wp-content\/uploads\/2024\/06\/WhatsApp-Image-2024-06-26-at-14.00.04_42ed0133-768x432.jpg 768w, https:\/\/afsemarang.org\/wp-content\/uploads\/2024\/06\/WhatsApp-Image-2024-06-26-at-14.00.04_42ed0133-18x10.jpg 18w\" sizes=\"(max-width: 1280px) 100vw, 1280px\" \/><\/figure>\n\n\n\n<p>Pada tanggal 22 Juni, Alliance Fran\u00e7aise Semarang, bekerja sama dengan Alliance Fran\u00e7aise Medan dan&nbsp;Alliance Fran\u00e7aise Makassar mengadakan acara istimewa untuk mengenang Pierre Labrousse yang telah berpulang pada 15 Maret 2024, seorang penyusun kamus Indonesia-Prancis yang berpengaruh. Acara ini merupakan penghormatan atas kontribusi luar biasanya dalam memperluas dan memperkuat hubungan bahasa dan budaya antara Indonesia dan Prancis.<\/p>\n\n\n\n<p>Pierre Labrousse dikenal sebagai seorang yang berdedikasi tinggi dalam menyusun kamus Indonesia-Prancis yang akurat dan bermanfaat. Karyanya tidak hanya menjadi alat penting dalam belajar bahasa, tetapi juga jembatan penting dalam memperkaya pemahaman budaya dan nilai-nilai di antara kedua negara. Keahliannya dalam merangkai kata-kata dan menyelaraskan makna membantu memperluas akses terhadap bahasa Prancis di Indonesia dan sebaliknya.<\/p>\n\n\n\n<p>Acara dipimpin oleh perwakilan Alliance Fran\u00e7aise Medan sebagai MC. Selanjutnya, sesi diskusi dipandu oleh moderator dari Alliance Fran\u00e7aise Makassar. Dalam sesi tanya jawab, Farida Soemargono, istri mendiang Pierre Labrousse, berbagi mengenai proses penyusunan kamus, perkembangan bahasa Prancis-Indonesia di Indonesia, serta bagaimana kamus karya Pierre Labrousse dan dirinya telah mendukung perkembangan tersebut.<\/p>\n\n\n\n<p>Acara ini dihadiri oleh guru, dosen, dan mahasiswa bahasa serta sastra Perancis dari Universitas Hasanudin, Universitas Negeri Semarang, Universitas Medan, dan lain-lain, serta beberapa yang pernah mengajar di INALCO, Institut National des Langues et Civilisations Orientales (INALCO) adalah sebuah institusi pendidikan tinggi di Paris yang dikenal dengan pengajaran dan penelitiannya dalam bidang bahasa dan budaya Timur. Pierre Labrousse dan Farida Soemargono juga mengajar di INALCO selam 30 tahun.<\/p>\n\n\n\n<p>Berikut adalah karya-karya beliau:<\/p>\n\n\n\n<p>1. <a href=\"https:\/\/openlibrary.org\/works\/OL2797775W?edition=key%3A\/books\/OL19096830M\">Dictionnaire g\u00e9n\u00e9ral indon\u00e9sien-fran\u00e7ais<\/a><\/p>\n\n\n\n<p>2. <a href=\"https:\/\/openlibrary.org\/works\/OL2797774W?edition=key%3A\/books\/OL6575771M\">Des servitudes en droit international public<\/a><\/p>\n\n\n\n<p>3. <a href=\"https:\/\/openlibrary.org\/works\/OL2797776W?edition=key%3A\/books\/OL2703239M\">Kamus umum Indonesia-Prancis<\/a><\/p>\n\n\n\n<p>4. <a href=\"https:\/\/openlibrary.org\/works\/OL2797777W?edition=key%3A\/books\/OL723336M\">La m\u00e9thode Vietminh: Indochine, 1945-1954<\/a><\/p>\n\n\n\n<p>5. <a href=\"https:\/\/openlibrary.org\/works\/OL37349561W?edition=key%3A\/books\/OL50337364M\">M\u00e9thode d&#8217;indon\u00e9sien<\/a><\/p>\n\n\n\n<p>6. <a href=\"https:\/\/openlibrary.org\/works\/OL37433148W?edition=key%3A\/books\/OL50441833M\">Dictionnaire de poche indon\u00e9sien-fran\u00e7ais<\/a><\/p>\n\n\n\n<p><\/p>","protected":false},"excerpt":{"rendered":"<p>Pada tanggal 22 Juni, Alliance Fran\u00e7aise Semarang, bekerja sama dengan Alliance Fran\u00e7aise Medan dan&nbsp;Alliance Fran\u00e7aise Makassar mengadakan acara istimewa untuk mengenang Pierre Labrousse yang telah berpulang pada 15 Maret 2024, seorang penyusun kamus Indonesia-Prancis yang berpengaruh. Acara ini merupakan penghormatan atas kontribusi luar biasanya dalam memperluas dan memperkuat hubungan bahasa dan budaya antara Indonesia dan [&hellip;]<\/p>","protected":false},"author":1,"featured_media":0,"parent":0,"menu_order":0,"comment_status":"closed","ping_status":"closed","template":"","meta":{"footnotes":""},"_links":{"self":[{"href":"https:\/\/afsemarang.org\/fr\/wp-json\/wp\/v2\/pages\/530"}],"collection":[{"href":"https:\/\/afsemarang.org\/fr\/wp-json\/wp\/v2\/pages"}],"about":[{"href":"https:\/\/afsemarang.org\/fr\/wp-json\/wp\/v2\/types\/page"}],"author":[{"embeddable":true,"href":"https:\/\/afsemarang.org\/fr\/wp-json\/wp\/v2\/users\/1"}],"replies":[{"embeddable":true,"href":"https:\/\/afsemarang.org\/fr\/wp-json\/wp\/v2\/comments?post=530"}],"version-history":[{"count":1,"href":"https:\/\/afsemarang.org\/fr\/wp-json\/wp\/v2\/pages\/530\/revisions"}],"predecessor-version":[{"id":531,"href":"https:\/\/afsemarang.org\/fr\/wp-json\/wp\/v2\/pages\/530\/revisions\/531"}],"wp:attachment":[{"href":"https:\/\/afsemarang.org\/fr\/wp-json\/wp\/v2\/media?parent=530"}],"curies":[{"name":"wp","href":"https:\/\/api.w.org\/{rel}","templated":true}]}}