{"id":523,"date":"2024-07-23T09:29:00","date_gmt":"2024-07-23T09:29:00","guid":{"rendered":"https:\/\/afsemarang.org\/?page_id=523"},"modified":"2024-07-23T09:53:31","modified_gmt":"2024-07-23T09:53:31","slug":"nous-nirons-plus-en-haut-caillou-cataracte","status":"publish","type":"page","link":"https:\/\/afsemarang.org\/fr\/nous-nirons-plus-en-haut-caillou-cataracte\/","title":{"rendered":"Nous n&#8217;irons plus en haut, Caillou, Cataracte"},"content":{"rendered":"<h2 class=\"wp-block-heading\">Nous n&#8217;irons plus en haut<\/h2>\n\n\n\n<div class=\"wp-block-group has-global-padding is-layout-constrained wp-block-group-is-layout-constrained\">\n<div class=\"wp-block-media-text alignfull is-stacked-on-mobile\"><figure class=\"wp-block-media-text__media\"><img loading=\"lazy\" decoding=\"async\" width=\"500\" height=\"708\" src=\"https:\/\/afsemarang.org\/wp-content\/uploads\/2024\/07\/image-1.png\" alt=\"\" class=\"wp-image-508 size-full\" srcset=\"https:\/\/afsemarang.org\/wp-content\/uploads\/2024\/07\/image-1.png 500w, https:\/\/afsemarang.org\/wp-content\/uploads\/2024\/07\/image-1-353x500.png 353w, https:\/\/afsemarang.org\/wp-content\/uploads\/2024\/07\/image-1-8x12.png 8w\" sizes=\"(max-width: 500px) 100vw, 500px\" \/><\/figure><div class=\"wp-block-media-text__content\">\n<div class=\"wp-block-group has-global-padding is-layout-constrained wp-block-group-is-layout-constrained\">\n<p class=\"has-contrast-color has-text-color has-link-color wp-elements-2f7a35a1c7745ba0f67df5ac94a120e4\">Tahun rilis: 2021<br>Judul bahasa Inggris: <em>Our Own Land<\/em><br>Sutradara: Simon Helloco<br>Pemeran: No\u00e9 Vall\u00e9, Swann Vall\u00e9<\/p>\n<\/div>\n\n\n\n<hr class=\"wp-block-separator has-alpha-channel-opacity\"\/>\n\n\n\n<p class=\"has-accent-3-color has-text-color has-link-color wp-elements-ac663e59d0804f69097a281b086d9fab\"><strong>R\u00e9sum\u00e9<\/strong><\/p>\n\n\n\n<p class=\"has-text-align-left\">Musim panas sudah berakhir, ini saatnya menyimpan rumput untuk pakan ternak di pedesaan Bretagne yang damai. Sementara para petani memanen jagung, dua bersaudara yang berusia 8 dan 12 tahun tinggal sendirian di rumah besar mereka. Mereka menjadi penguasa di kerajaan mereka sendiri dan merasa bebas melakukan apa pun. Satu-satunya larangan bagi mereka adalah untuk tidak naik ke lantai atas rumah.<br>Bahasa Prancis bertakarir bahasa Inggris.<\/p>\n<\/div><\/div>\n<\/div>\n\n\n\n<hr class=\"wp-block-separator has-alpha-channel-opacity is-style-wide\"\/>\n\n\n\n<h2 class=\"wp-block-heading has-text-align-right\">Caillou<\/h2>\n\n\n\n<div class=\"wp-block-media-text has-media-on-the-right is-stacked-on-mobile\"><div class=\"wp-block-media-text__content\">\n<p>Tahun rilis: 2022<br>Sutradara: Mathilde Poymiro<br>Pemeran: Lucien Arnaud<\/p>\n\n\n\n<hr class=\"wp-block-separator has-alpha-channel-opacity\"\/>\n\n\n\n<p class=\"has-accent-3-color has-text-color has-link-color wp-elements-ac663e59d0804f69097a281b086d9fab\"><strong>R\u00e9sum\u00e9<\/strong><\/p>\n\n\n\n<p>Elias, yang berusia 17 tahun, mendapati sang ayah meninggal secara tiba-tiba. Di sekolahnya, juga di rumah, teman-teman dan kerabatnya menunggu reaksi dukanya yang tak kunjung terjadi. Elias melanjutkan hidupnya seperti tidak pernah terjadi apapun.<\/p>\n<\/div><figure class=\"wp-block-media-text__media\"><img loading=\"lazy\" decoding=\"async\" width=\"400\" height=\"533\" src=\"https:\/\/afsemarang.org\/wp-content\/uploads\/2024\/07\/image-3.png\" alt=\"\" class=\"wp-image-511 size-full\" srcset=\"https:\/\/afsemarang.org\/wp-content\/uploads\/2024\/07\/image-3.png 400w, https:\/\/afsemarang.org\/wp-content\/uploads\/2024\/07\/image-3-375x500.png 375w, https:\/\/afsemarang.org\/wp-content\/uploads\/2024\/07\/image-3-9x12.png 9w\" sizes=\"(max-width: 400px) 100vw, 400px\" \/><\/figure><\/div>\n\n\n\n<hr class=\"wp-block-separator has-alpha-channel-opacity is-style-wide\"\/>\n\n\n\n<h2 class=\"wp-block-heading\">Cataracte<\/h2>\n\n\n\n<div class=\"wp-block-media-text is-stacked-on-mobile\"><figure class=\"wp-block-media-text__media\"><img loading=\"lazy\" decoding=\"async\" width=\"210\" height=\"303\" src=\"https:\/\/afsemarang.org\/wp-content\/uploads\/2024\/07\/image-4.png\" alt=\"\" class=\"wp-image-512 size-full\" srcset=\"https:\/\/afsemarang.org\/wp-content\/uploads\/2024\/07\/image-4.png 210w, https:\/\/afsemarang.org\/wp-content\/uploads\/2024\/07\/image-4-8x12.png 8w\" sizes=\"(max-width: 210px) 100vw, 210px\" \/><\/figure><div class=\"wp-block-media-text__content\">\n<p>Tahun rilis: 2020<br>Sutradara: Laetitia De Montalembert, Faustine Crespy<br>Pemeran: Marie-Agn\u00e8s Brigot, \u00d6zay Fecht, Ferdinand Niquet, Samuel<br>Bousbib<\/p>\n\n\n\n<hr class=\"wp-block-separator has-alpha-channel-opacity\"\/>\n\n\n\n<p class=\"has-accent-3-color has-text-color has-link-color wp-elements-ac663e59d0804f69097a281b086d9fab\"><strong>R\u00e9sum\u00e9<\/strong><\/p>\n\n\n\n<p>Nicky adalah perempuan eksentrik dan terasingkan. Dia memutuskan untuk mengakhiri hidup setelah kehilangan tunjangan terakhirnya, dan memutuskan untuk memercayakan anjingnya, Izy, kepada tetangganya. Namun, saat si tetangga mengembalikan anjing tersebut, Nicky yang hampir overdosis berpacu melawan waktu. Harapan terakhirnya kini adalah Jacques, seorang pegawai layanan sosial yang melakukan pemeriksaan pertamanya di apartemen Nicky.<\/p>\n<\/div><\/div>\n\n\n\n<p><\/p>","protected":false},"excerpt":{"rendered":"<p>Nous n&#8217;irons plus en haut Tahun rilis: 2021Judul bahasa Inggris: Our Own LandSutradara: Simon HellocoPemeran: No\u00e9 Vall\u00e9, Swann Vall\u00e9 Sinopsis: Musim panas sudah berakhir, ini saatnya menyimpan rumput untuk pakan ternak di pedesaan Bretagne yang damai. Sementara para petani memanen jagung, dua bersaudara yang berusia 8 dan 12 tahun tinggal sendirian di rumah besar mereka. [&hellip;]<\/p>","protected":false},"author":1,"featured_media":0,"parent":0,"menu_order":0,"comment_status":"closed","ping_status":"closed","template":"","meta":{"footnotes":""},"_links":{"self":[{"href":"https:\/\/afsemarang.org\/fr\/wp-json\/wp\/v2\/pages\/523"}],"collection":[{"href":"https:\/\/afsemarang.org\/fr\/wp-json\/wp\/v2\/pages"}],"about":[{"href":"https:\/\/afsemarang.org\/fr\/wp-json\/wp\/v2\/types\/page"}],"author":[{"embeddable":true,"href":"https:\/\/afsemarang.org\/fr\/wp-json\/wp\/v2\/users\/1"}],"replies":[{"embeddable":true,"href":"https:\/\/afsemarang.org\/fr\/wp-json\/wp\/v2\/comments?post=523"}],"version-history":[{"count":3,"href":"https:\/\/afsemarang.org\/fr\/wp-json\/wp\/v2\/pages\/523\/revisions"}],"predecessor-version":[{"id":529,"href":"https:\/\/afsemarang.org\/fr\/wp-json\/wp\/v2\/pages\/523\/revisions\/529"}],"wp:attachment":[{"href":"https:\/\/afsemarang.org\/fr\/wp-json\/wp\/v2\/media?parent=523"}],"curies":[{"name":"wp","href":"https:\/\/api.w.org\/{rel}","templated":true}]}}