{"id":52,"date":"2024-05-04T05:10:03","date_gmt":"2024-05-04T05:10:03","guid":{"rendered":"https:\/\/afsemarang.org\/?page_id=52"},"modified":"2024-05-11T02:28:08","modified_gmt":"2024-05-11T02:28:08","slug":"kursus-non-privat","status":"publish","type":"page","link":"https:\/\/afsemarang.org\/fr\/kursus-non-privat\/","title":{"rendered":"Cours non-priv\u00e9s"},"content":{"rendered":"<p class=\" translation-block\">Outre les cours priv\u00e9s, l'Alliance Fran\u00e7aise de Semarang propose \u00e9galement des cours non priv\u00e9s en pr\u00e9sentiel et via les m\u00e9dias, ainsi que des cours en ligne. Bas\u00e9 sur le Cadre Europ\u00e9en Commun de R\u00e9f\u00e9rence pour les Langues (CECRL), ces cours sont cr\u00e9\u00e9s pour donner aux \u00e9l\u00e8ves la possibilit\u00e9 d'apprendre le fran\u00e7ais dans un environnement collaboratif et leur permet d'\u00e9changer des id\u00e9es et des exp\u00e9riences et d'\u00e9largir leurs r\u00e9seaux sociaux.<\/p>\n\n\n\n<p>Ce programme vous est offert avec diverses facilit\u00e9s, telles que :<\/p>\n\n\n\n<ul class=\"is-style-checkmark-list has-small-font-size\">\n<li>Des enseignants exp\u00e9riment\u00e9s et qualifi\u00e9s pour fournir des conseils et un soutien appropri\u00e9s \u00e0 tous les participants de la classe.<\/li>\n\n\n\n<li>Le mat\u00e9riel d'apprentissage structur\u00e9 et sp\u00e9cialement con\u00e7u pour r\u00e9pondre aux besoins et aux niveaux de capacit\u00e9 des \u00e9l\u00e8ves de la classe.<\/li>\n\n\n\n<li>Les possibilit\u00e9s d'interagir avec les autres \u00e9tudiants de la classe \u00e0 travers des discussions et des exercices de groupe qui permettent l'\u00e9change d'id\u00e9es et d'exp\u00e9riences pr\u00e9cieuses.<\/li>\n\n\n\n<li>Des commentaires constructifs des enseignants et des camarades pour aider \u00e0 am\u00e9liorer la compr\u00e9hension et les comp\u00e9tences en fran\u00e7ais.<\/li>\n\n\n\n<li>Une atmosph\u00e8re d'apprentissage inclusive et conviviale afin que chaque \u00e9l\u00e8ve ait la possibilit\u00e9 de se d\u00e9velopper en fonction de son potentiel individuel.<\/li>\n<\/ul>\n\n\n\n<h3 class=\"wp-block-heading\">Cours semi-priv\u00e9s<\/h3>\n\n\n\n<p>Actuellement, l'Alliance Fran\u00e7aise de Semarang propose deux types de cours non priv\u00e9s, \u00e0 savoir celui de semi-priv\u00e9 contenant 2 \u00e0 3 \u00e9l\u00e8ves, et celui de collectif contenant un minimum de 5 personnes.<\/p>\n\n\n\n<p><strong>\u2192 Cours semi-priv\u00e9 en ligne<\/strong><strong>                   <\/strong><strong> <\/strong><strong>\u2192 Cours semi-priv\u00e9 en pr\u00e9sentiel<\/strong><\/p>\n\n\n\n<figure class=\"wp-block-table has-small-font-size\"><table><tbody><tr><td><strong>Niveau<\/strong><\/td><td><strong>Dur\u00e9e<\/strong><\/td><td><strong>S\u00e9ssion<\/strong><\/td><td><strong>Frais<\/strong><\/td><\/tr><tr><td rowspan=\"3\">A1 \/ A2<\/td><td>1 h<\/td><td>1 (10x s\u00e9ances)<\/td><td>Rp 1.500.000* **<\/td><\/tr><tr><td>1,5 h<\/td><td>1 (10x s\u00e9ances)<\/td><td>Rp 2.100.000* **<\/td><\/tr><tr><td>2 h<\/td><td>1 (10x s\u00e9ances)<\/td><td>Rp. 2.500.000* **<\/td><\/tr><tr><td rowspan=\"3\">B1 \/ B2<\/td><td>1 h<\/td><td>1 (10x s\u00e9ances)<\/td><td>Rp 1.750.000* **<\/td><\/tr><tr><td>1,5 h<\/td><td>1 (10x s\u00e9ances)<\/td><td>Rp 2.250.000* **<\/td><\/tr><tr><td>2 h<\/td><td>1 (10x s\u00e9ances)<\/td><td>Rp 2.700.000* **<\/td><\/tr><\/tbody><\/table><figcaption class=\"wp-element-caption\">* Les frais n'incluent pas les livres.<br>** Les frais s'appliquent \u00e0 un \u00e9l\u00e8ve.<\/figcaption><\/figure>\n\n\n\n<h3 class=\"wp-block-heading\">Cours collectifs<\/h3>\n\n\n\n<p>Pour les cours collectifs, le tarif est calcul\u00e9 en fonction du nombre d'\u00e9l\u00e8ves inscrits.<\/p>\n\n\n\n<p><strong>Comment s'inscrire \u00e0 l'un des programmes ?&nbsp;<\/strong><\/p>\n\n\n\n<p>S\u2019il vous est possible, vous pouvez vous rendre au bureau de l'Alliance Fran\u00e7aise de Semarang, \u00e0 Jl. Dr. Wahidin 54, Candisari, Semarang. Nous ouvrons les services d'information tous les jours du lundi au vendredi de 09h00 \u00e0 17h00 et le samedi de 09h00 \u00e0 13h00.<\/p>\n\n\n\n<p><br>Vous pouvez \u00e9galement nous contacter <em>en ligne <\/em>via WA au +62 856 4130 8944, ou via notre Instagram \u00e0 <a href=\"https:\/\/www.instagram.com\/af_semarang\/\">@afsemarang<\/a>.<\/p>","protected":false},"excerpt":{"rendered":"<p>Selain kelas privat, AF Semarang juga menawarkan kursus bahasa Prancis nonprivat melalui tatap muka (luar jaringan\/offline) dan media serta pertemuan daring (dalam jaringan\/online). Dengan berlandaskan Kerangka Acuan Umum Eropa untuk Bahasa (CECRL), program kursus ini dibuat supaya siswa berkesempatan untuk belajar Bahasa Prancis dalam lingkungan yang kolaboratif dan memungkinkan siswa untuk bertukar ide dan pengalaman [&hellip;]<\/p>","protected":false},"author":1,"featured_media":0,"parent":0,"menu_order":0,"comment_status":"closed","ping_status":"closed","template":"","meta":{"footnotes":""},"_links":{"self":[{"href":"https:\/\/afsemarang.org\/fr\/wp-json\/wp\/v2\/pages\/52"}],"collection":[{"href":"https:\/\/afsemarang.org\/fr\/wp-json\/wp\/v2\/pages"}],"about":[{"href":"https:\/\/afsemarang.org\/fr\/wp-json\/wp\/v2\/types\/page"}],"author":[{"embeddable":true,"href":"https:\/\/afsemarang.org\/fr\/wp-json\/wp\/v2\/users\/1"}],"replies":[{"embeddable":true,"href":"https:\/\/afsemarang.org\/fr\/wp-json\/wp\/v2\/comments?post=52"}],"version-history":[{"count":4,"href":"https:\/\/afsemarang.org\/fr\/wp-json\/wp\/v2\/pages\/52\/revisions"}],"predecessor-version":[{"id":383,"href":"https:\/\/afsemarang.org\/fr\/wp-json\/wp\/v2\/pages\/52\/revisions\/383"}],"wp:attachment":[{"href":"https:\/\/afsemarang.org\/fr\/wp-json\/wp\/v2\/media?parent=52"}],"curies":[{"name":"wp","href":"https:\/\/api.w.org\/{rel}","templated":true}]}}