{"id":46,"date":"2024-05-04T04:57:42","date_gmt":"2024-05-04T04:57:42","guid":{"rendered":"https:\/\/afsemarang.org\/?page_id=46"},"modified":"2024-05-11T02:27:02","modified_gmt":"2024-05-11T02:27:02","slug":"kursus-privat","status":"publish","type":"page","link":"https:\/\/afsemarang.org\/fr\/kursus-privat\/","title":{"rendered":"Cours priv\u00e9s"},"content":{"rendered":"<p>L'Alliance Fran\u00e7aise de Semarang propose des cours priv\u00e9s de fran\u00e7ais en pr\u00e9sentiel (hors ligne\/<em>offline<\/em>) et en m\u00e9dia, ainsi que des rencontres<em>en ligne<\/em>). Bas\u00e9 sur le Cadre Europ\u00e9en Commun de R\u00e9f\u00e9rence pour les Langues (CECRL), ce programme de cours est mis en \u0153uvre afin de cr\u00e9er une forte concentration, tant chez les \u00e9tudiants que chez les enseignants, pendant le cours de langue fran\u00e7aise.<\/p>\n\n\n\n<p>Ce programme vous est offert avec diverses facilit\u00e9s, telles que :<\/p>\n\n\n\n<ol>\n<li class=\"has-small-font-size\">Les \u00e9l\u00e8ves peuvent choisir l'horaire des cours (jour et heure) et le nombre de s\u00e9ances par semaine selon leurs besoins.<\/li>\n\n\n\n<li class=\"has-small-font-size\">Si les \u00e9l\u00e8ves ne peuvent pas venir le jour de leur cours, ils pourront modifier l\u2019horaire pour ce jour-l\u00e0, \u00e0 condition de contacter l'administrateur au maximum 24 heures avant l'horaire des cours.<\/li>\n<\/ol>\n\n\n\n<p>Actuellement, AF Semarang propose deux types de cours priv\u00e9s, ce sont :<\/p>\n\n\n\n<p><strong>\u2192 Cours priv\u00e9s en ligne             \u2192 Cours priv\u00e9s en pr\u00e9sentiel<\/strong><\/p>\n\n\n\n<figure class=\"wp-block-table has-small-font-size\"><table><tbody><tr><td class=\"has-text-align-center\" data-align=\"center\"><strong>Niveau<\/strong><\/td><td class=\"has-text-align-center\" data-align=\"center\"><strong>Dur\u00e9e<\/strong><\/td><td class=\"has-text-align-center\" data-align=\"center\"><strong>S\u00e9ssion<\/strong><\/td><td class=\"has-text-align-center\" data-align=\"center\"><strong>Frais<\/strong><\/td><\/tr><tr><td class=\"has-text-align-center\" data-align=\"center\" rowspan=\"3\">A1 \/ A2<\/td><td class=\"has-text-align-center\" data-align=\"center\">1 h<\/td><td class=\"has-text-align-center\" data-align=\"center\">1 (10x s\u00e9ances)<\/td><td class=\"has-text-align-center\" data-align=\"center\">Rp 2.000.000*<\/td><\/tr><tr><td class=\"has-text-align-center\" data-align=\"center\">1,5 h<\/td><td class=\"has-text-align-center\" data-align=\"center\">1 (10x s\u00e9ances)<\/td><td class=\"has-text-align-center\" data-align=\"center\">Rp 2.750.000*<\/td><\/tr><tr><td class=\"has-text-align-center\" data-align=\"center\">2 h<\/td><td class=\"has-text-align-center\" data-align=\"center\">1 (10x s\u00e9ances)<\/td><td class=\"has-text-align-center\" data-align=\"center\">Rp. 3.500.000*<\/td><\/tr><tr><td class=\"has-text-align-center\" data-align=\"center\" rowspan=\"3\">B1 \/ B2<\/td><td class=\"has-text-align-center\" data-align=\"center\">1 h<\/td><td class=\"has-text-align-center\" data-align=\"center\">1 (10x s\u00e9ances)<\/td><td class=\"has-text-align-center\" data-align=\"center\">Rp 2.500.000*<\/td><\/tr><tr><td class=\"has-text-align-center\" data-align=\"center\">1,5 h<\/td><td class=\"has-text-align-center\" data-align=\"center\">1 (10x s\u00e9ances)<\/td><td class=\"has-text-align-center\" data-align=\"center\">Rp 3.500.000*<\/td><\/tr><tr><td class=\"has-text-align-center\" data-align=\"center\">2 h<\/td><td class=\"has-text-align-center\" data-align=\"center\">1 (10x s\u00e9ances)<\/td><td class=\"has-text-align-center\" data-align=\"center\">Rp 4.000.000*<\/td><\/tr><\/tbody><\/table><figcaption class=\"wp-element-caption\">Le frais n'inclut pas les m\u00e9thodes.<\/figcaption><\/figure>\n\n\n\n<p><strong>Comment s'inscrire \u00e0 l'un des programmes ?&nbsp;<\/strong><\/p>\n\n\n\n<p>S\u2019il vous est possible, vous pouvez vous rendre au bureau de l'Alliance Fran\u00e7aise de Semarang, \u00e0 Jl. Dr. Wahidin 54, Candisari, Semarang. Nous ouvrons les services d'information tous les jours du lundi au vendredi de 09h00 \u00e0 17h00 et le samedi de 09h00 \u00e0 13h00.<\/p>\n\n\n\n<p>Vous pouvez \u00e9galement nous contacter <em>en ligne <\/em>via WA au +62 856 4130 8944, ou via notre Instagram \u00e0 <a href=\"https:\/\/www.instagram.com\/af_semarang\/\">@afsemarang<\/a>.<\/p>","protected":false},"excerpt":{"rendered":"<p>AF Semarang menawarkan kursus bahasa Prancis secara privat melalui tatap muka (luar jaringan\/offline) dan media serta pertemuan daring (dalam jaringan\/online). Dengan berlandaskan Kerangka Acuan Umum Eropa untuk Bahasa (CECRL), program kursus ini dibuat supaya terciptanya fokus yang tinggi, baik pembelajar maupun pengajar, selama kursus bahasa Prancis berlangsung. Program ini ditawarkan kepada Anda dengan berbagai fasilitas, [&hellip;]<\/p>","protected":false},"author":1,"featured_media":0,"parent":0,"menu_order":0,"comment_status":"closed","ping_status":"closed","template":"","meta":{"footnotes":""},"_links":{"self":[{"href":"https:\/\/afsemarang.org\/fr\/wp-json\/wp\/v2\/pages\/46"}],"collection":[{"href":"https:\/\/afsemarang.org\/fr\/wp-json\/wp\/v2\/pages"}],"about":[{"href":"https:\/\/afsemarang.org\/fr\/wp-json\/wp\/v2\/types\/page"}],"author":[{"embeddable":true,"href":"https:\/\/afsemarang.org\/fr\/wp-json\/wp\/v2\/users\/1"}],"replies":[{"embeddable":true,"href":"https:\/\/afsemarang.org\/fr\/wp-json\/wp\/v2\/comments?post=46"}],"version-history":[{"count":3,"href":"https:\/\/afsemarang.org\/fr\/wp-json\/wp\/v2\/pages\/46\/revisions"}],"predecessor-version":[{"id":381,"href":"https:\/\/afsemarang.org\/fr\/wp-json\/wp\/v2\/pages\/46\/revisions\/381"}],"wp:attachment":[{"href":"https:\/\/afsemarang.org\/fr\/wp-json\/wp\/v2\/media?parent=46"}],"curies":[{"name":"wp","href":"https:\/\/api.w.org\/{rel}","templated":true}]}}