{"id":365,"date":"2024-05-10T08:00:16","date_gmt":"2024-05-10T08:00:16","guid":{"rendered":"https:\/\/afsemarang.org\/?page_id=365"},"modified":"2024-05-10T10:02:15","modified_gmt":"2024-05-10T10:02:15","slug":"daftar-kursus","status":"publish","type":"page","link":"https:\/\/afsemarang.org\/fr\/daftar-kursus\/","title":{"rendered":"S'inscrire au cours"},"content":{"rendered":"<p class=\" translation-block\">Avant de s'inscrire au cours fran\u00e7ais \u00e0 l'Alliance Fran\u00e7aise de Semarang, veuillez lire tout d'abord les informations concernant des cours fran\u00e7ais disponibles.<\/p>\n\n\n\n<p>Voici les \u00e9tapes pour s'inscrire au cours fran\u00e7aise \u00e0 l'Alliance Fran\u00e7aise de Semarang :<\/p>\n\n\n\n<ol>\n<li class=\"has-small-font-size\">Connaissez le niveau souhait\u00e9 ou requis. Les niveaux disponibles sont A1, A2, B1 et B2, ainsi que les cours de pr\u00e9paration au DELF.<\/li>\n\n\n\n<li class=\"has-small-font-size\">Remplissez le formulaire d'inscription en num\u00e9rique (via le pdf) ou vous pouvez imprimer le document. Le formulaire est disponible \u00e0 t\u00e9l\u00e9charger : <a href=\"https:\/\/drive.google.com\/file\/d\/16ERnfuoZxCU2WiI-_8nQjLMZKbrE88K0\/view?usp=sharing\" target=\"_blank\" rel=\"noreferrer noopener\"><strong>ici<\/strong><\/a>.<\/li>\n\n\n\n<li class=\"has-small-font-size\">Confirmez votre inscription \u00e0 : <a href=\"https:\/\/wa.me\/+6285641308944\" target=\"_blank\" rel=\"noreferrer noopener\">WA AF Semarang<\/a>.<\/li>\n\n\n\n<li class=\"has-small-font-size\">Communiquez l'horaire du cours que vous souhaitez (si vous vous inscrivez au cours priv\u00e9 ou semi-priv\u00e9) au secr\u00e9taire du cours de l'Alliance Fran\u00e7aise de Semarang.<\/li>\n\n\n\n<li class=\"has-small-font-size\">Compl\u00e9t\u00e9z d'autres formalit\u00e9s administratives.<\/li>\n\n\n\n<li class=\"has-small-font-size\">Vous pouvez commencer le cours !<\/li>\n<\/ol>","protected":false},"excerpt":{"rendered":"<p>Sebelum mendaftar kursus bahasa Prancis di AF Semarang, mohon untuk membaca terlebih dahulu mengenai informasi kursus-kursus yang tersedia di sini. Berikut tahap-tahap untuk mendaftar kursus bahasa Prancis di AF Semarang:<\/p>","protected":false},"author":1,"featured_media":0,"parent":0,"menu_order":0,"comment_status":"closed","ping_status":"closed","template":"","meta":{"footnotes":""},"_links":{"self":[{"href":"https:\/\/afsemarang.org\/fr\/wp-json\/wp\/v2\/pages\/365"}],"collection":[{"href":"https:\/\/afsemarang.org\/fr\/wp-json\/wp\/v2\/pages"}],"about":[{"href":"https:\/\/afsemarang.org\/fr\/wp-json\/wp\/v2\/types\/page"}],"author":[{"embeddable":true,"href":"https:\/\/afsemarang.org\/fr\/wp-json\/wp\/v2\/users\/1"}],"replies":[{"embeddable":true,"href":"https:\/\/afsemarang.org\/fr\/wp-json\/wp\/v2\/comments?post=365"}],"version-history":[{"count":4,"href":"https:\/\/afsemarang.org\/fr\/wp-json\/wp\/v2\/pages\/365\/revisions"}],"predecessor-version":[{"id":379,"href":"https:\/\/afsemarang.org\/fr\/wp-json\/wp\/v2\/pages\/365\/revisions\/379"}],"wp:attachment":[{"href":"https:\/\/afsemarang.org\/fr\/wp-json\/wp\/v2\/media?parent=365"}],"curies":[{"name":"wp","href":"https:\/\/api.w.org\/{rel}","templated":true}]}}