{"id":35,"date":"2024-05-04T04:01:03","date_gmt":"2024-05-04T04:01:03","guid":{"rendered":"https:\/\/afsemarang.org\/?page_id=35"},"modified":"2024-05-10T07:42:24","modified_gmt":"2024-05-10T07:42:24","slug":"kursus-bahasa-prancis","status":"publish","type":"page","link":"https:\/\/afsemarang.org\/fr\/kursus-bahasa-prancis\/","title":{"rendered":"Cours fran\u00e7ais"},"content":{"rendered":"<div class=\"wp-block-group alignfull has-base-background-color has-background has-global-padding is-layout-constrained wp-block-group-is-layout-constrained\" style=\"margin-top:0;margin-bottom:0;padding-top:var(--wp--preset--spacing--30);padding-right:var(--wp--preset--spacing--50);padding-bottom:var(--wp--preset--spacing--30);padding-left:var(--wp--preset--spacing--50)\">\n<div class=\"wp-block-columns alignwide is-layout-flex wp-container-core-columns-is-layout-1 wp-block-columns-is-layout-flex\">\n<div class=\"wp-block-column is-vertically-aligned-center is-layout-flow wp-block-column-is-layout-flow\" style=\"flex-basis:50%\">\n<p class=\"has-small-font-size\">Vous souhaitez continuer vos \u00e9tudes en France, mais vous ne savez pas quel est le meilleur endroit pour \u00e9tudier le fran\u00e7ais ? Ou vous \u00eates \u00e9tudiant en fran\u00e7ais et souhaitez am\u00e9liorer vos comp\u00e9tences pour le test du DELF ? Ou peut-\u00eatre \u00eates-vous quelqu'un qui r\u00eave de devenir polyglotte et qui a besoin d'un bon endroit pour apprendre le fran\u00e7ais ?<\/p>\n<\/div>\n\n\n\n<div class=\"wp-block-column is-vertically-aligned-center is-layout-flow wp-block-column-is-layout-flow\" style=\"flex-basis:50%\">\n<figure class=\"wp-block-image size-full is-style-rounded\"><img loading=\"lazy\" decoding=\"async\" width=\"1280\" height=\"720\" src=\"https:\/\/afsemarang.org\/wp-content\/uploads\/2024\/05\/Les-niveaux-1.jpg\" alt=\"\" class=\"wp-image-40\" srcset=\"https:\/\/afsemarang.org\/wp-content\/uploads\/2024\/05\/Les-niveaux-1.jpg 1280w, https:\/\/afsemarang.org\/wp-content\/uploads\/2024\/05\/Les-niveaux-1-300x169.jpg 300w, https:\/\/afsemarang.org\/wp-content\/uploads\/2024\/05\/Les-niveaux-1-768x432.jpg 768w\" sizes=\"(max-width: 1280px) 100vw, 1280px\" \/><figcaption class=\"wp-element-caption\">Les niveaux dans la langue fran\u00e7aise<\/figcaption><\/figure>\n<\/div>\n<\/div>\n\n\n\n<div class=\"wp-block-columns alignwide is-layout-flex wp-container-core-columns-is-layout-2 wp-block-columns-is-layout-flex\">\n<div class=\"wp-block-column is-vertically-aligned-center is-layout-flow wp-block-column-is-layout-flow\" style=\"flex-basis:50%\">\n<p>Qui que vous soyez et quels que soient vos objectifs pour apprendre le fran\u00e7ais, l'Alliance Fran\u00e7aise de Semarang pourrait \u00eatre la solution pour vous. Les cours propos\u00e9s couvrent diff\u00e9rents niveaux de langue, du niveau d\u00e9butant (A1) au niveau ind\u00e9pendant (B2).<\/p>\n<\/div>\n\n\n\n<div class=\"wp-block-column is-vertically-aligned-center is-layout-flow wp-block-column-is-layout-flow\" style=\"flex-basis:50%\">\n<p>Consultez directement les diff\u00e9rents programmes de cours de fran\u00e7ais disponibles \u00e0 l\u2019Alliance Fran\u00e7aise de Semarang ci-dessous !<\/p>\n<\/div>\n<\/div>\n<\/div>\n\n\n\n<div class=\"wp-block-group alignfull has-background is-layout-flow wp-block-group-is-layout-flow\" style=\"background-color:#d23100;margin-top:0;margin-bottom:0;padding-top:var(--wp--preset--spacing--40);padding-right:var(--wp--preset--spacing--50);padding-bottom:var(--wp--preset--spacing--40);padding-left:var(--wp--preset--spacing--50)\">\n<div style=\"height:16px\" aria-hidden=\"true\" class=\"wp-block-spacer\"><\/div>\n\n\n\n<div class=\"wp-block-columns is-layout-flex wp-container-core-columns-is-layout-3 wp-block-columns-is-layout-flex\" style=\"padding-top:0;padding-right:var(--wp--preset--spacing--50);padding-bottom:0;padding-left:var(--wp--preset--spacing--50)\">\n<div class=\"wp-block-column is-layout-flow wp-block-column-is-layout-flow\" style=\"flex-basis:66.66%\">\n<figure class=\"wp-block-image size-large has-custom-border is-style-rounded\"><img loading=\"lazy\" decoding=\"async\" width=\"4000\" height=\"2000\" src=\"https:\/\/afsemarang.org\/wp-content\/uploads\/2024\/05\/20220613_105034_HDR-4000x2000.jpg\" alt=\"\" class=\"wp-image-357\" style=\"border-radius:26px\" srcset=\"https:\/\/afsemarang.org\/wp-content\/uploads\/2024\/05\/20220613_105034_HDR-4000x2000.jpg 4000w, https:\/\/afsemarang.org\/wp-content\/uploads\/2024\/05\/20220613_105034_HDR-500x250.jpg 500w, https:\/\/afsemarang.org\/wp-content\/uploads\/2024\/05\/20220613_105034_HDR-768x384.jpg 768w, https:\/\/afsemarang.org\/wp-content\/uploads\/2024\/05\/20220613_105034_HDR-1536x768.jpg 1536w, https:\/\/afsemarang.org\/wp-content\/uploads\/2024\/05\/20220613_105034_HDR-2048x1024.jpg 2048w, https:\/\/afsemarang.org\/wp-content\/uploads\/2024\/05\/20220613_105034_HDR-18x9.jpg 18w\" sizes=\"(max-width: 4000px) 100vw, 4000px\" \/><\/figure>\n<\/div>\n\n\n\n<div class=\"wp-block-column is-layout-flow wp-block-column-is-layout-flow\" style=\"flex-basis:33.33%\">\n<h3 class=\"wp-block-heading has-base-2-color has-text-color has-link-color wp-elements-1bfd6023bb336be469c0b1ab6c261e74 translation-block\">Cours priv\u00e9s<\/h3>\n\n\n\n<p class=\"has-base-color has-text-color has-link-color wp-elements-65b6969e83cc4ac31efd05e0c0676f60\">Ce genre de cours permet \u00e0 un\/une \u00e9l\u00e8ve d'obtenir du mat\u00e9riel directement aupr\u00e8s de l'enseignant et cr\u00e9e une atmosph\u00e8re de classe plus \u00e9troite.<\/p>\n\n\n\n<div class=\"wp-block-buttons is-layout-flex wp-block-buttons-is-layout-flex\">\n<div class=\"wp-block-button\"><a class=\"wp-block-button__link wp-element-button\" href=\"https:\/\/afsemarang.org\/fr\/kursus-privat\/\">Savoir en plus<\/a><\/div>\n<\/div>\n<\/div>\n<\/div>\n\n\n\n<div style=\"height:7px\" aria-hidden=\"true\" class=\"wp-block-spacer\"><\/div>\n\n\n\n<hr class=\"wp-block-separator has-text-color has-accent-3-color has-alpha-channel-opacity has-accent-3-background-color has-background\"\/>\n\n\n\n<div style=\"height:8px\" aria-hidden=\"true\" class=\"wp-block-spacer\"><\/div>\n\n\n\n<div class=\"wp-block-columns is-layout-flex wp-container-core-columns-is-layout-4 wp-block-columns-is-layout-flex\" style=\"padding-top:0;padding-right:var(--wp--preset--spacing--50);padding-bottom:0;padding-left:var(--wp--preset--spacing--50)\">\n<div class=\"wp-block-column is-layout-flow wp-block-column-is-layout-flow\" style=\"flex-basis:66.66%\">\n<figure class=\"wp-block-image size-full has-custom-border is-style-rounded\"><img loading=\"lazy\" decoding=\"async\" width=\"1599\" height=\"899\" src=\"https:\/\/afsemarang.org\/wp-content\/uploads\/2024\/05\/kelas-percobaan-unika-2.jpg\" alt=\"\" class=\"wp-image-320\" style=\"border-radius:26px\" srcset=\"https:\/\/afsemarang.org\/wp-content\/uploads\/2024\/05\/kelas-percobaan-unika-2.jpg 1599w, https:\/\/afsemarang.org\/wp-content\/uploads\/2024\/05\/kelas-percobaan-unika-2-500x281.jpg 500w, https:\/\/afsemarang.org\/wp-content\/uploads\/2024\/05\/kelas-percobaan-unika-2-768x432.jpg 768w, https:\/\/afsemarang.org\/wp-content\/uploads\/2024\/05\/kelas-percobaan-unika-2-1536x864.jpg 1536w, https:\/\/afsemarang.org\/wp-content\/uploads\/2024\/05\/kelas-percobaan-unika-2-18x10.jpg 18w\" sizes=\"(max-width: 1599px) 100vw, 1599px\" \/><\/figure>\n<\/div>\n\n\n\n<div class=\"wp-block-column is-layout-flow wp-block-column-is-layout-flow\" style=\"flex-basis:33.33%\">\n<h3 class=\"wp-block-heading has-base-2-color has-text-color has-link-color wp-elements-97875da5bce147a85935e73c61db9272\"><strong>Cours<\/strong> <strong>non-priv\u00e9s<\/strong><\/h3>\n\n\n\n<p class=\"has-base-color has-text-color has-link-color wp-elements-c669c5f6daa4e8c7801106c07d89c79e\">Nous organisons des cours semi-priv\u00e9s (pour 2-3 personnes) et collectifs, et celui de fran\u00e7ais sp\u00e9cifique <em>(FOS &#8211; Fran\u00e7ais sur objectifs sp\u00e9cifiques)<\/em>.<\/p>\n\n\n\n<div class=\"wp-block-buttons is-layout-flex wp-block-buttons-is-layout-flex\">\n<div class=\"wp-block-button\"><a class=\"wp-block-button__link wp-element-button\" href=\"https:\/\/afsemarang.org\/fr\/kursus-non-privat\/\">Savoir en plus<\/a><\/div>\n<\/div>\n<\/div>\n<\/div>\n\n\n\n<div style=\"height:14px\" aria-hidden=\"true\" class=\"wp-block-spacer\"><\/div>\n<\/div>\n\n\n\n<div style=\"height:40px\" aria-hidden=\"true\" class=\"wp-block-spacer\"><\/div>","protected":false},"excerpt":{"rendered":"<p>Apakah Anda ingin melanjutkan studi ke Prancis, tetapi bingung cara belajar bahasa Prancis yang baik dari mana? Atau Anda seorang mahasiswa jurusan bahasa Prancis yang ingin meningkatkan kemampuan untuk tes DELF nanti? Atau juga Anda seorang yang bercita-cita jadi poliglot dan sedang butuh wadah untuk belajar bahasa Prancis? Siapa pun Anda dan apa pun tujuan [&hellip;]<\/p>","protected":false},"author":1,"featured_media":0,"parent":0,"menu_order":0,"comment_status":"closed","ping_status":"closed","template":"","meta":{"footnotes":""},"_links":{"self":[{"href":"https:\/\/afsemarang.org\/fr\/wp-json\/wp\/v2\/pages\/35"}],"collection":[{"href":"https:\/\/afsemarang.org\/fr\/wp-json\/wp\/v2\/pages"}],"about":[{"href":"https:\/\/afsemarang.org\/fr\/wp-json\/wp\/v2\/types\/page"}],"author":[{"embeddable":true,"href":"https:\/\/afsemarang.org\/fr\/wp-json\/wp\/v2\/users\/1"}],"replies":[{"embeddable":true,"href":"https:\/\/afsemarang.org\/fr\/wp-json\/wp\/v2\/comments?post=35"}],"version-history":[{"count":15,"href":"https:\/\/afsemarang.org\/fr\/wp-json\/wp\/v2\/pages\/35\/revisions"}],"predecessor-version":[{"id":363,"href":"https:\/\/afsemarang.org\/fr\/wp-json\/wp\/v2\/pages\/35\/revisions\/363"}],"wp:attachment":[{"href":"https:\/\/afsemarang.org\/fr\/wp-json\/wp\/v2\/media?parent=35"}],"curies":[{"name":"wp","href":"https:\/\/api.w.org\/{rel}","templated":true}]}}