{"id":216,"date":"2024-05-08T04:38:00","date_gmt":"2024-05-08T04:38:00","guid":{"rendered":"https:\/\/afsemarang.org\/?page_id=216"},"modified":"2024-09-04T02:56:23","modified_gmt":"2024-09-04T02:56:23","slug":"soiree-cinema","status":"publish","type":"page","link":"https:\/\/afsemarang.org\/fr\/soiree-cinema\/","title":{"rendered":"Soir\u00e9e cin\u00e9ma"},"content":{"rendered":"<div style=\"height:21px\" aria-hidden=\"true\" class=\"wp-block-spacer\"><\/div>\n\n\n<div class=\"n2_clear\"><ss3-force-full-width data-overflow-x=\"body\" data-horizontal-selector=\"body\"><div class=\"n2-section-smartslider fitvidsignore  n2_clear\" data-ssid=\"4\"><div id=\"n2-ss-4-align\" class=\"n2-ss-align\"><div class=\"n2-padding\"><div id=\"n2-ss-4\" data-creator=\"Smart Slider 3\" data-responsive=\"fullwidth\" class=\"n2-ss-slider n2-ow n2-has-hover n2notransition\"><div class=\"n2-ss-slider-wrapper-inside\">\n        <div class=\"n2-ss-slider-1 n2_ss__touch_element n2-ow\">\n            <div class=\"n2-ss-slider-2 n2-ow\">\n                                                <div class=\"n2-ss-slider-3 n2-ow\">\n\n                    <div class=\"n2-ss-slide-backgrounds n2-ow-all\"><div class=\"n2-ss-slide-background\" data-public-id=\"1\" data-mode=\"fill\"><div class=\"n2-ss-slide-background-image\" data-blur=\"0\" data-opacity=\"100\" data-x=\"50\" data-y=\"8\" data-alt=\"\" data-title=\"\" style=\"--ss-o-pos-y:8%\"><picture class=\"skip-lazy\" data-skip-lazy=\"1\"><img decoding=\"async\" src=\"\/\/afsemarang.org\/wp-content\/uploads\/2024\/05\/IMG-20230925-WA0008.jpg\" alt=\"\" title=\"\" loading=\"lazy\" class=\"skip-lazy\" data-skip-lazy=\"1\"><\/picture><\/div><div data-color=\"RGBA(255,255,255,0)\" style=\"background-color: RGBA(255,255,255,0);\" class=\"n2-ss-slide-background-color\"><\/div><\/div><div class=\"n2-ss-slide-background\" data-public-id=\"2\" data-mode=\"fill\"><div class=\"n2-ss-slide-background-image\" data-blur=\"0\" data-opacity=\"100\" data-x=\"50\" data-y=\"88\" data-alt=\"\" data-title=\"\" style=\"--ss-o-pos-y:88%\"><picture class=\"skip-lazy\" data-skip-lazy=\"1\"><img decoding=\"async\" src=\"\/\/afsemarang.org\/wp-content\/uploads\/2024\/05\/IMG-20230925-WA0004.jpg\" alt=\"\" title=\"\" loading=\"lazy\" class=\"skip-lazy\" data-skip-lazy=\"1\"><\/picture><\/div><div data-color=\"RGBA(255,255,255,0)\" style=\"background-color: RGBA(255,255,255,0);\" class=\"n2-ss-slide-background-color\"><\/div><\/div><div class=\"n2-ss-slide-background\" data-public-id=\"3\" data-mode=\"fill\"><div class=\"n2-ss-slide-background-image\" data-blur=\"0\" data-opacity=\"100\" data-x=\"51\" data-y=\"78\" data-alt=\"\" data-title=\"\" style=\"--ss-o-pos-x:51%;--ss-o-pos-y:78%\"><picture class=\"skip-lazy\" data-skip-lazy=\"1\"><img decoding=\"async\" src=\"\/\/afsemarang.org\/wp-content\/uploads\/2024\/05\/IMG_3221-scaled.jpg\" alt=\"\" title=\"\" loading=\"lazy\" class=\"skip-lazy\" data-skip-lazy=\"1\"><\/picture><\/div><div data-color=\"RGBA(255,255,255,0)\" style=\"background-color: RGBA(255,255,255,0);\" class=\"n2-ss-slide-background-color\"><\/div><\/div><div class=\"n2-ss-slide-background\" data-public-id=\"4\" data-mode=\"fill\"><div class=\"n2-ss-slide-background-image\" data-blur=\"0\" data-opacity=\"100\" data-x=\"42\" data-y=\"100\" data-alt=\"\" data-title=\"\" style=\"--ss-o-pos-x:42%;--ss-o-pos-y:100%\"><picture class=\"skip-lazy\" data-skip-lazy=\"1\"><img decoding=\"async\" src=\"\/\/afsemarang.org\/wp-content\/uploads\/2024\/05\/IMG_20231201_152645-1-scaled.jpg\" alt=\"\" title=\"\" loading=\"lazy\" class=\"skip-lazy\" data-skip-lazy=\"1\"><\/picture><\/div><div data-color=\"RGBA(255,255,255,0)\" style=\"background-color: RGBA(255,255,255,0);\" class=\"n2-ss-slide-background-color\"><\/div><\/div><div class=\"n2-ss-slide-background\" data-public-id=\"5\" data-mode=\"fill\"><div class=\"n2-ss-slide-background-image\" data-blur=\"0\" data-opacity=\"100\" data-x=\"50\" data-y=\"50\" data-alt=\"\" data-title=\"\"><picture class=\"skip-lazy\" data-skip-lazy=\"1\"><img decoding=\"async\" src=\"\/\/afsemarang.org\/wp-content\/uploads\/2024\/07\/WhatsApp-Image-2024-07-21-at-11.08.42-scaled.jpeg\" alt=\"\" title=\"\" loading=\"lazy\" class=\"skip-lazy\" data-skip-lazy=\"1\"><\/picture><\/div><div data-color=\"RGBA(255,255,255,0)\" style=\"background-color: RGBA(255,255,255,0);\" class=\"n2-ss-slide-background-color\"><\/div><\/div><\/div>                    <div class=\"n2-ss-slider-4 n2-ow\">\n                        <svg xmlns=\"http:\/\/www.w3.org\/2000\/svg\" viewbox=\"0 0 1200 600\" data-related-device=\"desktopPortrait\" class=\"n2-ow n2-ss-preserve-size n2-ss-preserve-size--slider n2-ss-slide-limiter\"><\/svg><div data-first=\"1\" data-slide-duration=\"0\" data-id=\"8\" data-slide-public-id=\"1\" data-title=\"IMG-20230925-WA0008\" class=\"n2-ss-slide n2-ow  n2-ss-slide-8\"><div role=\"note\" class=\"n2-ss-slide--focus\" tabindex=\"-1\">IMG-20230925-WA0008<\/div><div class=\"n2-ss-layers-container n2-ss-slide-limiter n2-ow\"><div class=\"n2-ss-layer n2-ow n-uc-G8lIr5XVFmfy\" data-sstype=\"slide\" data-pm=\"default\"><\/div><\/div><\/div><div data-slide-duration=\"0\" data-id=\"9\" data-slide-public-id=\"2\" data-title=\"IMG-20230925-WA0004\" class=\"n2-ss-slide n2-ow  n2-ss-slide-9\"><div role=\"note\" class=\"n2-ss-slide--focus\" tabindex=\"-1\">IMG-20230925-WA0004<\/div><div class=\"n2-ss-layers-container n2-ss-slide-limiter n2-ow\"><div class=\"n2-ss-layer n2-ow n-uc-Zo6Vk2k2pb1P\" data-sstype=\"slide\" data-pm=\"default\"><\/div><\/div><\/div><div data-slide-duration=\"0\" data-id=\"10\" data-slide-public-id=\"3\" data-title=\"IMG_3221\" class=\"n2-ss-slide n2-ow  n2-ss-slide-10\"><div role=\"note\" class=\"n2-ss-slide--focus\" tabindex=\"-1\">IMG_3221<\/div><div class=\"n2-ss-layers-container n2-ss-slide-limiter n2-ow\"><div class=\"n2-ss-layer n2-ow n-uc-ZH51Rwyr15aq\" data-sstype=\"slide\" data-pm=\"default\"><\/div><\/div><\/div><div data-slide-duration=\"0\" data-id=\"11\" data-slide-public-id=\"4\" data-title=\"IMG_20231201_152645 (1)\" class=\"n2-ss-slide n2-ow  n2-ss-slide-11\"><div role=\"note\" class=\"n2-ss-slide--focus\" tabindex=\"-1\">IMG_20231201_152645 (1)<\/div><div class=\"n2-ss-layers-container n2-ss-slide-limiter n2-ow\"><div class=\"n2-ss-layer n2-ow n-uc-Gcz30uLPDsMt\" data-sstype=\"slide\" data-pm=\"default\"><\/div><\/div><\/div><div data-slide-duration=\"0\" data-id=\"97\" data-slide-public-id=\"5\" data-title=\"WhatsApp Image 2024-07-21 at 11.08.42\" class=\"n2-ss-slide n2-ow  n2-ss-slide-97\"><div role=\"note\" class=\"n2-ss-slide--focus\" tabindex=\"-1\">WhatsApp Image 2024-07-21 at 11.08.42<\/div><div class=\"n2-ss-layers-container n2-ss-slide-limiter n2-ow\"><div class=\"n2-ss-layer n2-ow n-uc-Wcy6ZMHjAJvx\" data-sstype=\"slide\" data-pm=\"default\"><\/div><\/div><\/div>                    <\/div>\n\n                                    <\/div>\n            <\/div>\n        <\/div>\n        <div class=\"n2-ss-slider-controls n2-ss-slider-controls-absolute-left-center\"><div style=\"--widget-offset:15px;\" class=\"n2-ss-widget nextend-arrow n2-ow-all nextend-arrow-previous  nextend-arrow-animated-fade\" data-hide-mobileportrait=\"1\" id=\"n2-ss-4-arrow-previous\" role=\"button\" aria-label=\"previous arrow\" tabindex=\"0\"><img loading=\"lazy\" decoding=\"async\" width=\"32\" height=\"32\" class=\"skip-lazy\" data-skip-lazy=\"1\" src=\"data:image\/svg+xml;base64,PHN2ZyB3aWR0aD0iMzIiIGhlaWdodD0iMzIiIHZpZXdCb3g9IjAgMCAzMiAzMiIgeG1sbnM9Imh0dHA6Ly93d3cudzMub3JnLzIwMDAvc3ZnIj4KICAgIDxwYXRoIGQ9Ik0xMS40MzMgMTUuOTkyTDIyLjY5IDUuNzEyYy4zOTMtLjM5LjM5My0xLjAzIDAtMS40Mi0uMzkzLS4zOS0xLjAzLS4zOS0xLjQyMyAwbC0xMS45OCAxMC45NGMtLjIxLjIxLS4zLjQ5LS4yODUuNzYtLjAxNS4yOC4wNzUuNTYuMjg0Ljc3bDExLjk4IDEwLjk0Yy4zOTMuMzkgMS4wMy4zOSAxLjQyNCAwIC4zOTMtLjQuMzkzLTEuMDMgMC0xLjQybC0xMS4yNTctMTAuMjkiCiAgICAgICAgICBmaWxsPSIjZmZmZmZmIiBvcGFjaXR5PSIwLjgiIGZpbGwtcnVsZT0iZXZlbm9kZCIvPgo8L3N2Zz4=\" alt=\"previous arrow\"><\/div><\/div><div class=\"n2-ss-slider-controls n2-ss-slider-controls-absolute-right-center\"><div style=\"--widget-offset:15px;\" class=\"n2-ss-widget nextend-arrow n2-ow-all nextend-arrow-next  nextend-arrow-animated-fade\" data-hide-mobileportrait=\"1\" id=\"n2-ss-4-arrow-next\" role=\"button\" aria-label=\"next arrow\" tabindex=\"0\"><img loading=\"lazy\" decoding=\"async\" width=\"32\" height=\"32\" class=\"skip-lazy\" data-skip-lazy=\"1\" src=\"data:image\/svg+xml;base64,PHN2ZyB3aWR0aD0iMzIiIGhlaWdodD0iMzIiIHZpZXdCb3g9IjAgMCAzMiAzMiIgeG1sbnM9Imh0dHA6Ly93d3cudzMub3JnLzIwMDAvc3ZnIj4KICAgIDxwYXRoIGQ9Ik0xMC43MjIgNC4yOTNjLS4zOTQtLjM5LTEuMDMyLS4zOS0xLjQyNyAwLS4zOTMuMzktLjM5MyAxLjAzIDAgMS40MmwxMS4yODMgMTAuMjgtMTEuMjgzIDEwLjI5Yy0uMzkzLjM5LS4zOTMgMS4wMiAwIDEuNDIuMzk1LjM5IDEuMDMzLjM5IDEuNDI3IDBsMTIuMDA3LTEwLjk0Yy4yMS0uMjEuMy0uNDkuMjg0LS43Ny4wMTQtLjI3LS4wNzYtLjU1LS4yODYtLjc2TDEwLjcyIDQuMjkzeiIKICAgICAgICAgIGZpbGw9IiNmZmZmZmYiIG9wYWNpdHk9IjAuOCIgZmlsbC1ydWxlPSJldmVub2RkIi8+Cjwvc3ZnPg==\" alt=\"next arrow\"><\/div><\/div><\/div><\/div><ss3-loader><\/ss3-loader><\/div><\/div><div class=\"n2_clear\"><\/div><\/div><\/ss3-force-full-width><\/div>\n\n\n<div style=\"height:28px\" aria-hidden=\"true\" class=\"wp-block-spacer\"><\/div>\n\n\n\n<p class=\"has-text-align-center has-medium-font-size\"><strong>Regardez des films fran\u00e7ais avec l'Alliance Fran\u00e7aise de Semarang !<\/strong><\/p>\n\n\n\n<div style=\"height:7px\" aria-hidden=\"true\" class=\"wp-block-spacer\"><\/div>\n\n\n\n<div class=\"wp-block-columns is-layout-flex wp-container-core-columns-is-layout-1 wp-block-columns-is-layout-flex\">\n<div class=\"wp-block-column is-layout-flow wp-block-column-is-layout-flow\" style=\"flex-basis:66.66%\">\n<figure data-wp-context=\"{&quot;uploadedSrc&quot;:&quot;https:\\\/\\\/afsemarang.org\\\/wp-content\\\/uploads\\\/2024\\\/05\\\/umbrellasofcherbourg.jpg&quot;,&quot;figureClassNames&quot;:&quot;wp-block-image size-full has-custom-border&quot;,&quot;figureStyles&quot;:null,&quot;imgClassNames&quot;:&quot;wp-image-226&quot;,&quot;imgStyles&quot;:&quot;border-style:none;border-width:0px;border-radius:18px&quot;,&quot;targetWidth&quot;:1024,&quot;targetHeight&quot;:758,&quot;scaleAttr&quot;:false,&quot;ariaLabel&quot;:&quot;Agrandir l\\u2018image&quot;,&quot;alt&quot;:&quot;&quot;}\" data-wp-interactive=\"core\/image\" class=\"wp-block-image size-full has-custom-border wp-lightbox-container\"><img loading=\"lazy\" decoding=\"async\" width=\"1024\" height=\"758\" data-wp-init=\"callbacks.setButtonStyles\" data-wp-on--click=\"actions.showLightbox\" data-wp-on--load=\"callbacks.setButtonStyles\" data-wp-on-window--resize=\"callbacks.setButtonStyles\" src=\"https:\/\/afsemarang.org\/wp-content\/uploads\/2024\/05\/umbrellasofcherbourg.jpg\" alt=\"\" class=\"wp-image-226\" style=\"border-style:none;border-width:0px;border-radius:18px\" srcset=\"https:\/\/afsemarang.org\/wp-content\/uploads\/2024\/05\/umbrellasofcherbourg.jpg 1024w, https:\/\/afsemarang.org\/wp-content\/uploads\/2024\/05\/umbrellasofcherbourg-500x370.jpg 500w, https:\/\/afsemarang.org\/wp-content\/uploads\/2024\/05\/umbrellasofcherbourg-768x569.jpg 768w, https:\/\/afsemarang.org\/wp-content\/uploads\/2024\/05\/umbrellasofcherbourg-16x12.jpg 16w\" sizes=\"(max-width: 1024px) 100vw, 1024px\" \/><button\n\t\t\tclass=\"lightbox-trigger\"\n\t\t\ttype=\"button\"\n\t\t\taria-haspopup=\"dialog\"\n\t\t\taria-label=\"Agrandir l\u2018image\"\n\t\t\tdata-wp-init=\"callbacks.initTriggerButton\"\n\t\t\tdata-wp-on--click=\"actions.showLightbox\"\n\t\t\tdata-wp-style--right=\"context.imageButtonRight\"\n\t\t\tdata-wp-style--top=\"context.imageButtonTop\"\n\t\t>\n\t\t\t<svg xmlns=\"http:\/\/www.w3.org\/2000\/svg\" width=\"12\" height=\"12\" fill=\"none\" viewbox=\"0 0 12 12\">\n\t\t\t\t<path fill=\"#fff\" d=\"M2 0a2 2 0 0 0-2 2v2h1.5V2a.5.5 0 0 1 .5-.5h2V0H2Zm2 10.5H2a.5.5 0 0 1-.5-.5V8H0v2a2 2 0 0 0 2 2h2v-1.5ZM8 12v-1.5h2a.5.5 0 0 0 .5-.5V8H12v2a2 2 0 0 1-2 2H8Zm2-12a2 2 0 0 1 2 2v2h-1.5V2a.5.5 0 0 0-.5-.5H8V0h2Z\" \/>\n\t\t\t<\/svg>\n\t\t<\/button><\/figure>\n<\/div>\n\n\n\n<div class=\"wp-block-column is-layout-flow wp-block-column-is-layout-flow\" style=\"flex-basis:33.33%\">\n<h3 class=\"wp-block-heading\"><strong><a href=\"https:\/\/afsemarang.org\/fr\/les-parapluies-de-cherbourg\/\" target=\"_blank\" rel=\"noreferrer noopener\">Les Parapluies de Cherbourg<\/a><\/strong><\/h3>\n\n\n\n<p>Genevi\u00e8ve Emery, fille d'un propri\u00e9taire de magasin de parapluies, est amoureuse de Guy Foucher, un jeune m\u00e9canicien. La m\u00e8re d'Emery n'approuve pas leur relation. Guy est invit\u00e9 \u00e0 rejoindre l'arm\u00e9e dans la guerre d'Alg\u00e9rie et Genevi\u00e8ve se rend \u00e0 Guy avant son d\u00e9part...<\/p>\n\n\n\n<div class=\"wp-block-buttons is-content-justification-center is-layout-flex wp-container-core-buttons-is-layout-1 wp-block-buttons-is-layout-flex\">\n<div class=\"wp-block-button\"><a class=\"wp-block-button__link wp-element-button\" href=\"https:\/\/afsemarang.org\/fr\/les-parapluies-de-cherbourg\/\">Savoir en plus<\/a><\/div>\n<\/div>\n<\/div>\n<\/div>\n\n\n\n<hr class=\"wp-block-separator has-text-color has-contrast-2-color has-alpha-channel-opacity has-contrast-2-background-color has-background is-style-dots\"\/>\n\n\n\n<div class=\"wp-block-columns is-layout-flex wp-container-core-columns-is-layout-2 wp-block-columns-is-layout-flex\">\n<div class=\"wp-block-column is-layout-flow wp-block-column-is-layout-flow\" style=\"flex-basis:66.66%\">\n<figure data-wp-context=\"{&quot;uploadedSrc&quot;:&quot;https:\\\/\\\/afsemarang.org\\\/wp-content\\\/uploads\\\/2024\\\/07\\\/image.png&quot;,&quot;figureClassNames&quot;:&quot;wp-block-image aligncenter size-full is-resized has-custom-border&quot;,&quot;figureStyles&quot;:null,&quot;imgClassNames&quot;:&quot;wp-image-507&quot;,&quot;imgStyles&quot;:&quot;border-style:none;border-width:0px;border-radius:18px;width:239px;height:auto&quot;,&quot;targetWidth&quot;:500,&quot;targetHeight&quot;:708,&quot;scaleAttr&quot;:false,&quot;ariaLabel&quot;:&quot;Agrandir l\\u2018image&quot;,&quot;alt&quot;:&quot;&quot;}\" data-wp-interactive=\"core\/image\" class=\"wp-block-image aligncenter size-full is-resized has-custom-border wp-lightbox-container\"><img loading=\"lazy\" decoding=\"async\" width=\"500\" height=\"708\" data-wp-init=\"callbacks.setButtonStyles\" data-wp-on--click=\"actions.showLightbox\" data-wp-on--load=\"callbacks.setButtonStyles\" data-wp-on-window--resize=\"callbacks.setButtonStyles\" src=\"https:\/\/afsemarang.org\/wp-content\/uploads\/2024\/07\/image.png\" alt=\"\" class=\"wp-image-507\" style=\"border-style:none;border-width:0px;border-radius:18px;width:239px;height:auto\" srcset=\"https:\/\/afsemarang.org\/wp-content\/uploads\/2024\/07\/image.png 500w, https:\/\/afsemarang.org\/wp-content\/uploads\/2024\/07\/image-353x500.png 353w, https:\/\/afsemarang.org\/wp-content\/uploads\/2024\/07\/image-8x12.png 8w\" sizes=\"(max-width: 500px) 100vw, 500px\" \/><button\n\t\t\tclass=\"lightbox-trigger\"\n\t\t\ttype=\"button\"\n\t\t\taria-haspopup=\"dialog\"\n\t\t\taria-label=\"Agrandir l\u2018image\"\n\t\t\tdata-wp-init=\"callbacks.initTriggerButton\"\n\t\t\tdata-wp-on--click=\"actions.showLightbox\"\n\t\t\tdata-wp-style--right=\"context.imageButtonRight\"\n\t\t\tdata-wp-style--top=\"context.imageButtonTop\"\n\t\t>\n\t\t\t<svg xmlns=\"http:\/\/www.w3.org\/2000\/svg\" width=\"12\" height=\"12\" fill=\"none\" viewbox=\"0 0 12 12\">\n\t\t\t\t<path fill=\"#fff\" d=\"M2 0a2 2 0 0 0-2 2v2h1.5V2a.5.5 0 0 1 .5-.5h2V0H2Zm2 10.5H2a.5.5 0 0 1-.5-.5V8H0v2a2 2 0 0 0 2 2h2v-1.5ZM8 12v-1.5h2a.5.5 0 0 0 .5-.5V8H12v2a2 2 0 0 1-2 2H8Zm2-12a2 2 0 0 1 2 2v2h-1.5V2a.5.5 0 0 0-.5-.5H8V0h2Z\" \/>\n\t\t\t<\/svg>\n\t\t<\/button><\/figure>\n<\/div>\n\n\n\n<div class=\"wp-block-column is-layout-flow wp-block-column-is-layout-flow\" style=\"flex-basis:33.33%\">\n<h3 class=\"wp-block-heading\"><strong><a href=\"https:\/\/afsemarang.org\/fr\/nous-nirons-plus-en-haut-caillou-cataracte\/\" target=\"_blank\" rel=\"noreferrer noopener\">Nous n&#8217;irons plus en haut<\/a><\/strong><\/h3>\n\n\n\n<p>Musim panas sudah berakhir, ini saatnya menyimpan rumput untuk pakan ternak di pedesaan Bretagne yang damai. Sementara para petani memanen jagung, dua bersaudara yang berusia 8 dan 12 tahun tinggal sendirian di rumah besar mereka. Mereka menjadi &#8230;<\/p>\n\n\n\n<div class=\"wp-block-buttons is-content-justification-center is-layout-flex wp-container-core-buttons-is-layout-2 wp-block-buttons-is-layout-flex\">\n<div class=\"wp-block-button\"><a class=\"wp-block-button__link wp-element-button\" href=\"https:\/\/afsemarang.org\/fr\/nous-nirons-plus-en-haut-caillou-cataracte\/\">Savoir en plus<\/a><\/div>\n<\/div>\n<\/div>\n<\/div>\n\n\n\n<hr class=\"wp-block-separator has-text-color has-contrast-2-color has-alpha-channel-opacity has-contrast-2-background-color has-background is-style-dots\"\/>\n\n\n\n<!--nextpage-->\n\n\n\n<div style=\"height:7px\" aria-hidden=\"true\" class=\"wp-block-spacer\"><\/div>\n\n\n\n<div class=\"wp-block-columns is-layout-flex wp-container-core-columns-is-layout-3 wp-block-columns-is-layout-flex\">\n<div class=\"wp-block-column is-layout-flow wp-block-column-is-layout-flow\" style=\"flex-basis:66.66%\">\n<figure data-wp-context=\"{&quot;uploadedSrc&quot;:&quot;https:\\\/\\\/afsemarang.org\\\/wp-content\\\/uploads\\\/2024\\\/07\\\/WhatsApp-Image-2024-07-15-at-13.38.14_79bae145.jpg&quot;,&quot;figureClassNames&quot;:&quot;wp-block-image size-full has-custom-border&quot;,&quot;figureStyles&quot;:null,&quot;imgClassNames&quot;:&quot;wp-image-494&quot;,&quot;imgStyles&quot;:&quot;border-style:none;border-width:0px;border-radius:18px&quot;,&quot;targetWidth&quot;:1080,&quot;targetHeight&quot;:1080,&quot;scaleAttr&quot;:false,&quot;ariaLabel&quot;:&quot;Agrandir l\\u2018image&quot;,&quot;alt&quot;:&quot;&quot;}\" data-wp-interactive=\"core\/image\" class=\"wp-block-image size-full has-custom-border wp-lightbox-container\"><img loading=\"lazy\" decoding=\"async\" width=\"1080\" height=\"1080\" data-wp-init=\"callbacks.setButtonStyles\" data-wp-on--click=\"actions.showLightbox\" data-wp-on--load=\"callbacks.setButtonStyles\" data-wp-on-window--resize=\"callbacks.setButtonStyles\" src=\"https:\/\/afsemarang.org\/wp-content\/uploads\/2024\/07\/WhatsApp-Image-2024-07-15-at-13.38.14_79bae145.jpg\" alt=\"\" class=\"wp-image-494\" style=\"border-style:none;border-width:0px;border-radius:18px\" srcset=\"https:\/\/afsemarang.org\/wp-content\/uploads\/2024\/07\/WhatsApp-Image-2024-07-15-at-13.38.14_79bae145.jpg 1080w, https:\/\/afsemarang.org\/wp-content\/uploads\/2024\/07\/WhatsApp-Image-2024-07-15-at-13.38.14_79bae145-500x500.jpg 500w, https:\/\/afsemarang.org\/wp-content\/uploads\/2024\/07\/WhatsApp-Image-2024-07-15-at-13.38.14_79bae145-150x150.jpg 150w, https:\/\/afsemarang.org\/wp-content\/uploads\/2024\/07\/WhatsApp-Image-2024-07-15-at-13.38.14_79bae145-768x768.jpg 768w, https:\/\/afsemarang.org\/wp-content\/uploads\/2024\/07\/WhatsApp-Image-2024-07-15-at-13.38.14_79bae145-12x12.jpg 12w\" sizes=\"(max-width: 1080px) 100vw, 1080px\" \/><button\n\t\t\tclass=\"lightbox-trigger\"\n\t\t\ttype=\"button\"\n\t\t\taria-haspopup=\"dialog\"\n\t\t\taria-label=\"Agrandir l\u2018image\"\n\t\t\tdata-wp-init=\"callbacks.initTriggerButton\"\n\t\t\tdata-wp-on--click=\"actions.showLightbox\"\n\t\t\tdata-wp-style--right=\"context.imageButtonRight\"\n\t\t\tdata-wp-style--top=\"context.imageButtonTop\"\n\t\t>\n\t\t\t<svg xmlns=\"http:\/\/www.w3.org\/2000\/svg\" width=\"12\" height=\"12\" fill=\"none\" viewbox=\"0 0 12 12\">\n\t\t\t\t<path fill=\"#fff\" d=\"M2 0a2 2 0 0 0-2 2v2h1.5V2a.5.5 0 0 1 .5-.5h2V0H2Zm2 10.5H2a.5.5 0 0 1-.5-.5V8H0v2a2 2 0 0 0 2 2h2v-1.5ZM8 12v-1.5h2a.5.5 0 0 0 .5-.5V8H12v2a2 2 0 0 1-2 2H8Zm2-12a2 2 0 0 1 2 2v2h-1.5V2a.5.5 0 0 0-.5-.5H8V0h2Z\" \/>\n\t\t\t<\/svg>\n\t\t<\/button><\/figure>\n<\/div>\n\n\n\n<div class=\"wp-block-column is-layout-flow wp-block-column-is-layout-flow\" style=\"flex-basis:33.33%\">\n<h3 class=\"wp-block-heading\"><a href=\"https:\/\/afsemarang.org\/fr\/%f0%9f%8e%ac-soiree-cinema-%f0%9f%8e%ac\/\" target=\"_blank\" rel=\"noreferrer noopener\">Soir\u00e9e cin\u00e9ma &amp; discussion<\/a><\/h3>\n\n\n\n<p>Yuk, datang ke Soir\u00e9e Cin\u00e9ma dan nikmati nonton film seru bersama kami di Alliance Fran\u00e7aise Semarang. Acara ini terbuka untuk semua, jadi ajak teman kamu untuk bergabung &nbsp;pada:<\/p>\n\n\n\n<p>\ud83d\udcc5 Sabtu, 20 Juli 2024 &nbsp;<br>\ud83d\udd5e 15:30 s.d. selesai &nbsp;<br>\ud83d\udccd Alliance Fran\u00e7aise Semarang<\/p>\n\n\n\n<div class=\"wp-block-buttons is-content-justification-center is-layout-flex wp-container-core-buttons-is-layout-3 wp-block-buttons-is-layout-flex\">\n<div class=\"wp-block-button\"><a class=\"wp-block-button__link wp-element-button\" href=\"https:\/\/afsemarang.org\/fr\/%f0%9f%8e%ac-soiree-cinema-%f0%9f%8e%ac\/\">Savoir en plus<\/a><\/div>\n<\/div>\n<\/div>\n<\/div>\n\n\n\n<p><\/p>\n\n\n\n<div class=\"wp-block-columns is-layout-flex wp-container-core-columns-is-layout-4 wp-block-columns-is-layout-flex\">\n<div class=\"wp-block-column is-layout-flow wp-block-column-is-layout-flow\" style=\"flex-basis:66.66%\">\n<figure class=\"wp-block-image size-full has-custom-border\"><a href=\"https:\/\/afsemarang.org\/fr\/a-la-belle-etoile\/\"><img loading=\"lazy\" decoding=\"async\" width=\"680\" height=\"924\" src=\"https:\/\/afsemarang.org\/wp-content\/uploads\/2024\/09\/IMG_2441-2.jpeg\" alt=\"\" class=\"wp-image-598\" style=\"border-style:none;border-width:0px;border-radius:18px\" srcset=\"https:\/\/afsemarang.org\/wp-content\/uploads\/2024\/09\/IMG_2441-2.jpeg 680w, https:\/\/afsemarang.org\/wp-content\/uploads\/2024\/09\/IMG_2441-2-368x500.jpeg 368w, https:\/\/afsemarang.org\/wp-content\/uploads\/2024\/09\/IMG_2441-2-9x12.jpeg 9w\" sizes=\"(max-width: 680px) 100vw, 680px\" \/><\/a><\/figure>\n<\/div>\n\n\n\n<div class=\"wp-block-column is-layout-flow wp-block-column-is-layout-flow\" style=\"flex-basis:33.33%\">\n<h3 class=\"wp-block-heading\"><a href=\"https:\/\/afsemarang.org\/fr\/a-la-belle-etoile\/\" data-type=\"link\" data-id=\"https:\/\/afsemarang.org\/a-la-belle-etoile\/\" target=\"_blank\" rel=\"noreferrer noopener\">\u00c0 la belle \u00e9toile\u00a0<\/a><\/h3>\n\n\n\n<p>Sejak usia dini, Yazid sangat menyukai membuat kue. Berpindah-pindah dari satu panti asuhan ke panti asuhan lainnya sepanjang masa kecilnya, ia mengembangkan temperamen yang kuat. Namun, untuk sukses di dunia pembuatan kue yang elitis, pemuda ini harus belajar mengendalikan diri. Dari \u00c9pernay ke Monaco hingga Paris, ia akan bekerja dengan koki pastry terhebat untuk menjadi yang terbaik, dan mencoba mewujudkan mimpinya dengan memenangkan kompetisi juara pastry dunia.<\/p>\n\n\n\n<p><\/p>\n\n\n\n<div class=\"wp-block-buttons is-content-justification-center is-layout-flex wp-container-core-buttons-is-layout-4 wp-block-buttons-is-layout-flex\">\n<div class=\"wp-block-button\"><a class=\"wp-block-button__link wp-element-button\" href=\"https:\/\/afsemarang.org\/fr\/a-la-belle-etoile\/\">Savoir en plus<\/a><\/div>\n<\/div>\n<\/div>\n<\/div>","protected":false},"excerpt":{"rendered":"<p>Nonton film Prancis bareng Alliance Fran\u00e7aise Semarang Les Parapluies de Cherbourg Genevi\u00e8ve Emery, putri seorang ibu pemilik toko payung, mencintai Guy Foucher, seorang montir muda. Ibu Emery tidak merestui hubungan keduanya. Guy diminta bergabung menjadi tentara dalam Perang Aljazair dan Genevi\u00e8ve menyerahkan dirinya kepada Guy sebelum keberangkatan pria&#8230; Nous n&#8217;irons plus en haut Musim panas [&hellip;]<\/p>","protected":false},"author":1,"featured_media":0,"parent":0,"menu_order":0,"comment_status":"closed","ping_status":"closed","template":"","meta":{"footnotes":""},"_links":{"self":[{"href":"https:\/\/afsemarang.org\/fr\/wp-json\/wp\/v2\/pages\/216"}],"collection":[{"href":"https:\/\/afsemarang.org\/fr\/wp-json\/wp\/v2\/pages"}],"about":[{"href":"https:\/\/afsemarang.org\/fr\/wp-json\/wp\/v2\/types\/page"}],"author":[{"embeddable":true,"href":"https:\/\/afsemarang.org\/fr\/wp-json\/wp\/v2\/users\/1"}],"replies":[{"embeddable":true,"href":"https:\/\/afsemarang.org\/fr\/wp-json\/wp\/v2\/comments?post=216"}],"version-history":[{"count":27,"href":"https:\/\/afsemarang.org\/fr\/wp-json\/wp\/v2\/pages\/216\/revisions"}],"predecessor-version":[{"id":671,"href":"https:\/\/afsemarang.org\/fr\/wp-json\/wp\/v2\/pages\/216\/revisions\/671"}],"wp:attachment":[{"href":"https:\/\/afsemarang.org\/fr\/wp-json\/wp\/v2\/media?parent=216"}],"curies":[{"name":"wp","href":"https:\/\/api.w.org\/{rel}","templated":true}]}}